{"id":20773,"date":"2026-04-13T12:26:30","date_gmt":"2026-04-13T10:26:30","guid":{"rendered":"https:\/\/www.studio20.be\/?page_id=20773"},"modified":"2026-04-13T12:26:34","modified_gmt":"2026-04-13T10:26:34","slug":"jga","status":"publish","type":"page","link":"https:\/\/www.studio20.be\/de\/jga\/","title":{"rendered":"JGA"},"content":{"rendered":"\n<h3 class=\"wp-block-heading\"><strong>Eine lustige und unvergessliche Idee in Malmedy!\u00a0<\/strong><\/h3>\n\n\n\n<p>Verwandeln Sie bei Studio20 Ihren Junggesellen- oder Junggesellinnenabschied in ein einzigartiges musikalisches Erlebnis mitten in den Ardennen.<\/p>\n\n\n\n<p>Unser privates Karaoke-Erlebnis ist speziell f\u00fcr Gruppen konzipiert, die vor dem gro\u00dfen Tag gemeinsam mit ihren Freunden singen, lachen, tanzen und unvergessliche Erinnerungen schaffen m\u00f6chten.<\/p>\n\n\n\n<div style=\"height:28px\" aria-hidden=\"true\" class=\"wp-block-spacer\"><\/div>\n\n\n\n<div id=\"metaslider-id-19409\" style=\"width: 100%;\" class=\"ml-slider-3-104-0 metaslider metaslider-flex metaslider-19409 ml-slider has-dots-nav ms-theme-default-base\" role=\"region\" aria-label=\"EVJF \/ EVG\" data-height=\"300\" data-width=\"700\">\n    <div id=\"metaslider_container_19409\">\n        <div id=\"metaslider_19409\">\n            <ul aria-live='off' class='slides'>\n                <li style=\"display: block; width: 100%;\" class=\"slide-19410 ms-image \" aria-roledescription=\"slide\" data-date=\"2025-11-24 13:11:03\" data-filename=\"Cvisuels-230422-144552-AP201874-scaled-700x300.jpg\" data-slide-type=\"image\"><img loading=\"lazy\" decoding=\"async\" src=\"https:\/\/www.studio20.be\/wp-content\/uploads\/2025\/05\/Cvisuels-230422-144552-AP201874-scaled-700x300.jpg\" height=\"300\" width=\"700\" alt=\"\" class=\"slider-19409 slide-19410 msDefaultImage\" title=\"Cvisuels-230422-144552-AP201874\" \/><\/li>\n                <li style=\"display: none; width: 100%;\" class=\"slide-19428 ms-image \" aria-roledescription=\"slide\" data-date=\"2025-11-24 13:13:03\" data-filename=\"492001154_1376771043516670_8435532418089538909_n-1-700x300.jpg\" data-slide-type=\"image\"><img loading=\"lazy\" decoding=\"async\" src=\"https:\/\/www.studio20.be\/wp-content\/uploads\/2025\/11\/492001154_1376771043516670_8435532418089538909_n-1-700x300.jpg\" height=\"300\" width=\"700\" alt=\"\" class=\"slider-19409 slide-19428 msDefaultImage\" title=\"492001154_1376771043516670_8435532418089538909_n-1\" \/><\/li>\n                <li style=\"display: none; width: 100%;\" class=\"slide-19427 ms-image \" aria-roledescription=\"slide\" data-date=\"2025-11-24 13:13:03\" data-filename=\"491982034_1376770453516729_1434397914274351501_n-1-700x300.jpg\" data-slide-type=\"image\"><img loading=\"lazy\" decoding=\"async\" src=\"https:\/\/www.studio20.be\/wp-content\/uploads\/2025\/11\/491982034_1376770453516729_1434397914274351501_n-1-700x300.jpg\" height=\"300\" width=\"700\" alt=\"\" class=\"slider-19409 slide-19427 msDefaultImage\" title=\"491982034_1376770453516729_1434397914274351501_n-1\" \/><\/li>\n                <li style=\"display: none; width: 100%;\" class=\"slide-19429 ms-image \" aria-roledescription=\"slide\" data-date=\"2025-11-24 13:13:03\" data-filename=\"491973874_1376772390183202_6003937234050220187_n-1-700x300.jpg\" data-slide-type=\"image\"><img loading=\"lazy\" decoding=\"async\" src=\"https:\/\/www.studio20.be\/wp-content\/uploads\/2025\/11\/491973874_1376772390183202_6003937234050220187_n-1-700x300.jpg\" height=\"300\" width=\"700\" alt=\"\" class=\"slider-19409 slide-19429 msDefaultImage\" title=\"491973874_1376772390183202_6003937234050220187_n-1\" \/><\/li>\n            <\/ul>\n        <\/div>\n        \n    <\/div>\n<\/div>\n\n\n\n<div style=\"height:43px\" aria-hidden=\"true\" class=\"wp-block-spacer\"><\/div>\n\n\n\n<h3 class=\"wp-block-heading\"><strong>Was Ihren JGA im Studio20 zu etwas Besonderem macht<\/strong><\/h3>\n\n\n\n<div style=\"height:21px\" aria-hidden=\"true\" class=\"wp-block-spacer\"><\/div>\n\n\n\n<h5 class=\"wp-block-heading\"><strong><em>\u2605 Private Karaoke-R\u00e4ume &amp; Themenr\u00e4ume<\/em><\/strong><\/h5>\n\n\n\n<p>Studio20 verf\u00fcgt \u00fcber 5 private R\u00e4ume, die von Gro\u00dfst\u00e4dten inspiriert sind und perfekt auf Ihre Bed\u00fcrfnisse zugeschnitten sind:<\/p>\n\n\n\n<ul class=\"wp-block-list\">\n<li><strong>K\u00f6ln <\/strong>\u2013 bis zu 8 Personen<\/li>\n\n\n\n<li><strong>Cleveland <\/strong>\u2013 bis zu 8 Personen<\/li>\n\n\n\n<li><strong>New York<\/strong> \u2013 bis zu 15 Personen<\/li>\n\n\n\n<li><strong>Philadelphia <\/strong>\u2013 bis zu 15 Personen<\/li>\n\n\n\n<li><strong>Paris <\/strong>\u2013 bis zu 30 Personen<\/li>\n<\/ul>\n\n\n\n<p>\ud83c\udfa4 \u00dcber 40.000 Songs zur Auswahl \u2013 von den neuesten Pop-Hits bis hin zu zeitlosen Klassikern, damit jeder seinen Lieblingssong zum Mitsingen findet.<\/p>\n\n\n\n<p>Jeder Raum bietet eine einladende, gem\u00fctliche Atmosph\u00e4re, die sich perfekt f\u00fcr eine Feier mit Freunden eignet!<\/p>\n\n\n\n<p><a href=\"https:\/\/www.studio20.be\/de\/salles-karaoke\/\" target=\"_blank\" rel=\"noreferrer noopener\"><strong>> Entdecken Sie unsere R\u00e4ume<\/strong><\/a><\/p>\n\n\n\n<div style=\"height:25px\" aria-hidden=\"true\" class=\"wp-block-spacer\"><\/div>\n\n\n\n<h5 class=\"wp-block-heading\"><strong><em>\u2605 Ambiente &amp; Gastronomie<\/em><\/strong><\/h5>\n\n\n\n<p>Studio20 hat mehr zu bieten als nur das Mikrofon! Genie\u00dfen Sie zu Ihrer Karaoke-Session auch <strong>eine gro\u00dfe Auswahl an Cocktails, regionalen Bieren vom Fass, alkoholfreien Getr\u00e4nken und Snacks.<\/strong><\/p>\n\n\n\n<p>Genie\u00dfen Sie Ihren Abend, indem Sie Getr\u00e4nke und Snacks direkt in Ihren Saal bestellen und gemeinsam auf die zuk\u00fcnftige Braut oder den zuk\u00fcnftigen Br\u00e4utigam ansto\u00dfen \ud83c\udf7e<\/p>\n\n\n\n<div style=\"height:11px\" aria-hidden=\"true\" class=\"wp-block-spacer\"><\/div>\n\n\n\n<div id=\"metaslider-id-20298\" style=\"width: 100%;\" class=\"ml-slider-3-104-0 metaslider metaslider-flex metaslider-20298 ml-slider ms-theme-default-base nav-hidden nav-hidden\" role=\"region\" aria-label=\"EVJF 1 photo\" data-height=\"300\" data-width=\"700\">\n    <div id=\"metaslider_container_20298\">\n        <div id=\"metaslider_20298\">\n            <ul aria-live='off' class='slides'>\n                <li style=\"display: block; width: 100%;\" class=\"slide-20302 ms-image \" aria-roledescription=\"slide\" data-date=\"2026-02-23 11:14:07\" data-filename=\"616802966_1617566302770475_6831226658183366081_n-700x300.jpg\" data-slide-type=\"image\"><img loading=\"lazy\" decoding=\"async\" src=\"https:\/\/www.studio20.be\/wp-content\/uploads\/2026\/02\/616802966_1617566302770475_6831226658183366081_n-700x300.jpg\" height=\"300\" width=\"700\" alt=\"\" class=\"slider-20298 slide-20302 msDefaultImage\" title=\"616802966_1617566302770475_6831226658183366081_n\" \/><\/li>\n            <\/ul>\n        <\/div>\n        \n    <\/div>\n<\/div>\n\n\n\n<div style=\"height:38px\" aria-hidden=\"true\" class=\"wp-block-spacer\"><\/div>\n\n\n\n<h3 class=\"wp-block-heading\"><strong>Warum sollten Sie Studio20 f\u00fcr Ihren Junggesellenabschied w\u00e4hlen?\u00a0<\/strong><\/h3>\n\n\n\n<p>\u2714 Ein eigener Raum und festliche Atmosph\u00e4re \u2013 genie\u00dfen Sie diesen einzigartigen Moment mit Freunden, ganz ungest\u00f6rt und ohne L\u00e4rm von drau\u00dfen<br>\u2714 Geeignet f\u00fcr alle Gruppen \u2013 egal, ob Sie eine kleine Gruppe oder eine gro\u00dfe Gruppe mit bis zu 30 Personen sind<br>\u2714 Riesige Auswahl an Songs \u2013 zahlreiche Playlists, damit jeder zu seinen Lieblingsstilen singen und tanzen kann.<br>\u2714 Getr\u00e4nke und Snacks vor Ort erh\u00e4ltlich \u2013 zum Ansto\u00dfen, Knabbern und f\u00fcr neue Energie<br>\u2714 Ideal, um diesen Moment mit Fotos und Videos festzuhalten und unvergessliche Erinnerungen mit Freunden zu schaffen.<\/p>\n\n\n\n<div style=\"height:48px\" aria-hidden=\"true\" class=\"wp-block-spacer\"><\/div>\n\n\n\n<h3 class=\"wp-block-heading\"><strong>Ein einzigartiges Konzept!\u00a0<\/strong><\/h3>\n\n\n\n<p>Entdecken Sie unser Kombi-Angebot: 2 Stunden Karaoke in einem unserer privaten R\u00e4ume \ud83c\udfa4 &amp; 1 Stunde Escape Room \ud83d\udd0e<\/p>\n\n\n\n<p>Eine perfekte Gelegenheit, einen tollen Nachmittag oder Abend mit Freunden zu verbringen!<\/p>\n\n\n\n<p><em>Paket<strong> ab 30 \u20ac pro Person<\/strong> \u2013 Das Angebot gilt f\u00fcr Gruppen von mindestens 8 Personen.<\/em><\/p>\n\n\n\n<div style=\"height:48px\" aria-hidden=\"true\" class=\"wp-block-spacer\"><\/div>\n\n\n\n<h3 class=\"wp-block-heading\"><strong>Planen Sie demn\u00e4chst einen Junggesellenabschied?<\/strong><\/h3>\n\n\n\n<p>Das Studio20 ist der ideale Ort, um die Lautst\u00e4rke aufzudrehen, herzhaft zu lachen und dieses Ereignis zu feiern.<\/p>\n\n\n\n<p>\ud83d\udc49 Reserviert schnell euren Raum und macht euch bereit, eure Stimmb\u00e4nder zum Schwingen zu bringen!<\/p>\n\n\n\n<div style=\"height:35px\" aria-hidden=\"true\" class=\"wp-block-spacer\"><\/div>\n\n\n\n<h4 class=\"wp-block-heading\">Seid ihr bereit, unvergessliche Erinnerungen zu schaffen?<\/h4>\n\n\n\n<p>Kontaktieren Sie uns unter <a href=\"tel:080870116\">080\/87.01.16<\/a> oder \u00fcber <a href=\"mailto:info@studio20.be\">info@studio20.be<\/a><\/p>\n","protected":false},"excerpt":{"rendered":"<p>Eine lustige und unvergessliche Idee in Malmedy!\u00a0 Verwandeln Sie bei [&hellip;]<\/p>\n","protected":false},"author":2,"featured_media":17758,"parent":0,"menu_order":0,"comment_status":"closed","ping_status":"closed","template":"","meta":{"_acf_changed":false,"footnotes":""},"class_list":["post-20773","page","type-page","status-publish","has-post-thumbnail","hentry","pure-header"],"acf":[],"yoast_head":"<!-- This site is optimized with the Yoast SEO plugin v27.3 - https:\/\/yoast.com\/product\/yoast-seo-wordpress\/ -->\n<title>JGA - Studio 20<\/title>\n<meta name=\"robots\" content=\"index, follow, max-snippet:-1, max-image-preview:large, max-video-preview:-1\" \/>\n<link rel=\"canonical\" href=\"https:\/\/www.studio20.be\/de\/jga\/\" \/>\n<meta property=\"og:locale\" content=\"de_DE\" \/>\n<meta property=\"og:type\" content=\"article\" \/>\n<meta property=\"og:title\" content=\"JGA - Studio 20\" \/>\n<meta property=\"og:description\" content=\"Eine lustige und unvergessliche Idee in Malmedy!\u00a0 Verwandeln Sie bei [&hellip;]\" \/>\n<meta property=\"og:url\" content=\"https:\/\/www.studio20.be\/de\/jga\/\" \/>\n<meta property=\"og:site_name\" content=\"Studio 20\" \/>\n<meta property=\"article:publisher\" content=\"https:\/\/www.facebook.com\/Studio-20-Karaoke-107869020961945\" \/>\n<meta property=\"article:modified_time\" content=\"2026-04-13T10:26:34+00:00\" \/>\n<meta property=\"og:image\" content=\"https:\/\/www.studio20.be\/wp-content\/uploads\/2025\/05\/Cvisuels-230422-144552-AP201874-scaled.jpg\" \/>\n\t<meta property=\"og:image:width\" content=\"2560\" \/>\n\t<meta property=\"og:image:height\" content=\"1707\" \/>\n\t<meta property=\"og:image:type\" content=\"image\/jpeg\" \/>\n<meta name=\"twitter:card\" content=\"summary_large_image\" \/>\n<meta name=\"twitter:label1\" content=\"Gesch\u00e4tzte Lesezeit\" \/>\n\t<meta name=\"twitter:data1\" content=\"3\u00a0Minuten\" \/>\n<script type=\"application\/ld+json\" class=\"yoast-schema-graph\">{\"@context\":\"https:\\\/\\\/schema.org\",\"@graph\":[{\"@type\":\"WebPage\",\"@id\":\"https:\\\/\\\/www.studio20.be\\\/de\\\/jga\\\/\",\"url\":\"https:\\\/\\\/www.studio20.be\\\/de\\\/jga\\\/\",\"name\":\"JGA - Studio 20\",\"isPartOf\":{\"@id\":\"https:\\\/\\\/www.studio20.be\\\/#website\"},\"primaryImageOfPage\":{\"@id\":\"https:\\\/\\\/www.studio20.be\\\/de\\\/jga\\\/#primaryimage\"},\"image\":{\"@id\":\"https:\\\/\\\/www.studio20.be\\\/de\\\/jga\\\/#primaryimage\"},\"thumbnailUrl\":\"https:\\\/\\\/www.studio20.be\\\/wp-content\\\/uploads\\\/2025\\\/05\\\/Cvisuels-230422-144552-AP201874-scaled.jpg\",\"datePublished\":\"2026-04-13T10:26:30+00:00\",\"dateModified\":\"2026-04-13T10:26:34+00:00\",\"breadcrumb\":{\"@id\":\"https:\\\/\\\/www.studio20.be\\\/de\\\/jga\\\/#breadcrumb\"},\"inLanguage\":\"de\",\"potentialAction\":[{\"@type\":\"ReadAction\",\"target\":[\"https:\\\/\\\/www.studio20.be\\\/de\\\/jga\\\/\"]}]},{\"@type\":\"ImageObject\",\"inLanguage\":\"de\",\"@id\":\"https:\\\/\\\/www.studio20.be\\\/de\\\/jga\\\/#primaryimage\",\"url\":\"https:\\\/\\\/www.studio20.be\\\/wp-content\\\/uploads\\\/2025\\\/05\\\/Cvisuels-230422-144552-AP201874-scaled.jpg\",\"contentUrl\":\"https:\\\/\\\/www.studio20.be\\\/wp-content\\\/uploads\\\/2025\\\/05\\\/Cvisuels-230422-144552-AP201874-scaled.jpg\",\"width\":2560,\"height\":1707},{\"@type\":\"BreadcrumbList\",\"@id\":\"https:\\\/\\\/www.studio20.be\\\/de\\\/jga\\\/#breadcrumb\",\"itemListElement\":[{\"@type\":\"ListItem\",\"position\":1,\"name\":\"Accueil\",\"item\":\"https:\\\/\\\/www.studio20.be\\\/de\\\/\"},{\"@type\":\"ListItem\",\"position\":2,\"name\":\"JGA\"}]},{\"@type\":\"WebSite\",\"@id\":\"https:\\\/\\\/www.studio20.be\\\/#website\",\"url\":\"https:\\\/\\\/www.studio20.be\\\/\",\"name\":\"Studio 20\",\"description\":\"Un site utilisant Les sites de Intermills\",\"potentialAction\":[{\"@type\":\"SearchAction\",\"target\":{\"@type\":\"EntryPoint\",\"urlTemplate\":\"https:\\\/\\\/www.studio20.be\\\/?s={search_term_string}\"},\"query-input\":{\"@type\":\"PropertyValueSpecification\",\"valueRequired\":true,\"valueName\":\"search_term_string\"}}],\"inLanguage\":\"de\"}]}<\/script>\n<!-- \/ Yoast SEO plugin. -->","yoast_head_json":{"title":"JGA - Studio 20","robots":{"index":"index","follow":"follow","max-snippet":"max-snippet:-1","max-image-preview":"max-image-preview:large","max-video-preview":"max-video-preview:-1"},"canonical":"https:\/\/www.studio20.be\/de\/jga\/","og_locale":"de_DE","og_type":"article","og_title":"JGA - Studio 20","og_description":"Eine lustige und unvergessliche Idee in Malmedy!\u00a0 Verwandeln Sie bei [&hellip;]","og_url":"https:\/\/www.studio20.be\/de\/jga\/","og_site_name":"Studio 20","article_publisher":"https:\/\/www.facebook.com\/Studio-20-Karaoke-107869020961945","article_modified_time":"2026-04-13T10:26:34+00:00","og_image":[{"width":2560,"height":1707,"url":"https:\/\/www.studio20.be\/wp-content\/uploads\/2025\/05\/Cvisuels-230422-144552-AP201874-scaled.jpg","type":"image\/jpeg"}],"twitter_card":"summary_large_image","twitter_misc":{"Gesch\u00e4tzte Lesezeit":"3\u00a0Minuten"},"schema":{"@context":"https:\/\/schema.org","@graph":[{"@type":"WebPage","@id":"https:\/\/www.studio20.be\/de\/jga\/","url":"https:\/\/www.studio20.be\/de\/jga\/","name":"JGA - Studio 20","isPartOf":{"@id":"https:\/\/www.studio20.be\/#website"},"primaryImageOfPage":{"@id":"https:\/\/www.studio20.be\/de\/jga\/#primaryimage"},"image":{"@id":"https:\/\/www.studio20.be\/de\/jga\/#primaryimage"},"thumbnailUrl":"https:\/\/www.studio20.be\/wp-content\/uploads\/2025\/05\/Cvisuels-230422-144552-AP201874-scaled.jpg","datePublished":"2026-04-13T10:26:30+00:00","dateModified":"2026-04-13T10:26:34+00:00","breadcrumb":{"@id":"https:\/\/www.studio20.be\/de\/jga\/#breadcrumb"},"inLanguage":"de","potentialAction":[{"@type":"ReadAction","target":["https:\/\/www.studio20.be\/de\/jga\/"]}]},{"@type":"ImageObject","inLanguage":"de","@id":"https:\/\/www.studio20.be\/de\/jga\/#primaryimage","url":"https:\/\/www.studio20.be\/wp-content\/uploads\/2025\/05\/Cvisuels-230422-144552-AP201874-scaled.jpg","contentUrl":"https:\/\/www.studio20.be\/wp-content\/uploads\/2025\/05\/Cvisuels-230422-144552-AP201874-scaled.jpg","width":2560,"height":1707},{"@type":"BreadcrumbList","@id":"https:\/\/www.studio20.be\/de\/jga\/#breadcrumb","itemListElement":[{"@type":"ListItem","position":1,"name":"Accueil","item":"https:\/\/www.studio20.be\/de\/"},{"@type":"ListItem","position":2,"name":"JGA"}]},{"@type":"WebSite","@id":"https:\/\/www.studio20.be\/#website","url":"https:\/\/www.studio20.be\/","name":"Studio 20","description":"Un site utilisant Les sites de Intermills","potentialAction":[{"@type":"SearchAction","target":{"@type":"EntryPoint","urlTemplate":"https:\/\/www.studio20.be\/?s={search_term_string}"},"query-input":{"@type":"PropertyValueSpecification","valueRequired":true,"valueName":"search_term_string"}}],"inLanguage":"de"}]}},"_links":{"self":[{"href":"https:\/\/www.studio20.be\/de\/wp-json\/wp\/v2\/pages\/20773","targetHints":{"allow":["GET"]}}],"collection":[{"href":"https:\/\/www.studio20.be\/de\/wp-json\/wp\/v2\/pages"}],"about":[{"href":"https:\/\/www.studio20.be\/de\/wp-json\/wp\/v2\/types\/page"}],"author":[{"embeddable":true,"href":"https:\/\/www.studio20.be\/de\/wp-json\/wp\/v2\/users\/2"}],"replies":[{"embeddable":true,"href":"https:\/\/www.studio20.be\/de\/wp-json\/wp\/v2\/comments?post=20773"}],"version-history":[{"count":1,"href":"https:\/\/www.studio20.be\/de\/wp-json\/wp\/v2\/pages\/20773\/revisions"}],"predecessor-version":[{"id":20775,"href":"https:\/\/www.studio20.be\/de\/wp-json\/wp\/v2\/pages\/20773\/revisions\/20775"}],"wp:featuredmedia":[{"embeddable":true,"href":"https:\/\/www.studio20.be\/de\/wp-json\/wp\/v2\/media\/17758"}],"wp:attachment":[{"href":"https:\/\/www.studio20.be\/de\/wp-json\/wp\/v2\/media?parent=20773"}],"curies":[{"name":"wp","href":"https:\/\/api.w.org\/{rel}","templated":true}]}}