{"id":20777,"date":"2026-04-13T12:31:09","date_gmt":"2026-04-13T10:31:09","guid":{"rendered":"https:\/\/www.studio20.be\/?page_id=20777"},"modified":"2026-04-13T13:14:28","modified_gmt":"2026-04-13T11:14:28","slug":"teambuilding","status":"publish","type":"page","link":"https:\/\/www.studio20.be\/de\/teambuilding\/","title":{"rendered":"Teambuilding"},"content":{"rendered":"\n<h3 class=\"wp-block-heading\">Eine gesellige, unterhaltsame und verbindende Aktivit\u00e4t!<\/h3>\n\n\n\n<p>Das Studio 20 l\u00e4dt Sie zu einem einzigartigen Erlebnis ein: einem privaten Karaoke-Abend, bei dem Ihre Mitarbeiter zu den Stars des Tages werden!<\/p>\n\n\n\n<p>Ob Sie den Teamzusammenhalt st\u00e4rken, Ihren Mitarbeitern danken oder einfach nur einen unterhaltsamen und entspannten Moment genie\u00dfen m\u00f6chten \u2013 wir bieten Ihnen mehrere private R\u00e4ume, die auf Ihre W\u00fcnsche und die Gr\u00f6\u00dfe Ihrer Gruppe zugeschnitten sind.<\/p>\n\n\n\n<p>Bei Studio20 Karaoke verwandeln wir das klassische Teambuilding in ein unvergessliches Erlebnis voller Energie und guter Laune. Schluss mit eint\u00f6nigen Seminaren: Hier lachen Ihre Teams, singen, lernen sich auf eine ganz neue Art kennen und schaffen gemeinsame Erinnerungen, die den Gruppenzusammenhalt nachhaltig st\u00e4rken.<\/p>\n\n\n\n<p>Das Mikrofon in der Hand, Lachen garantiert, unvergessliche Erinnerungen\u2026 \ud83c\udfa4<\/p>\n\n\n\n<div style=\"height:28px\" aria-hidden=\"true\" class=\"wp-block-spacer\"><\/div>\n\n\n\n<div id=\"metaslider-id-19433\" style=\"width: 100%;\" class=\"ml-slider-3-104-0 metaslider metaslider-flex metaslider-19433 ml-slider has-dots-nav ms-theme-default-base\" role=\"region\" aria-label=\"Teambuilding\" data-height=\"300\" data-width=\"700\">\n    <div id=\"metaslider_container_19433\">\n        <div id=\"metaslider_19433\">\n            <ul aria-live='off' class='slides'>\n                <li style=\"display: block; width: 100%;\" class=\"slide-19444 ms-image \" aria-roledescription=\"slide\" data-date=\"2025-11-24 13:16:15\" data-filename=\"486539544_1355679562292485_6264703550207917502_n-700x300.jpg\" data-slide-type=\"image\"><img loading=\"lazy\" decoding=\"async\" src=\"https:\/\/www.studio20.be\/wp-content\/uploads\/2025\/11\/486539544_1355679562292485_6264703550207917502_n-700x300.jpg\" height=\"300\" width=\"700\" alt=\"\" class=\"slider-19433 slide-19444 msDefaultImage\" title=\"486539544_1355679562292485_6264703550207917502_n\" \/><\/li>\n                <li style=\"display: none; width: 100%;\" class=\"slide-19449 ms-image \" aria-roledescription=\"slide\" data-date=\"2025-11-24 13:16:42\" data-filename=\"485760949_1352646875929087_7008354742138870912_n-700x300.jpg\" data-slide-type=\"image\"><img loading=\"lazy\" decoding=\"async\" src=\"https:\/\/www.studio20.be\/wp-content\/uploads\/2025\/11\/485760949_1352646875929087_7008354742138870912_n-700x300.jpg\" height=\"300\" width=\"700\" alt=\"\" class=\"slider-19433 slide-19449 msDefaultImage\" title=\"485760949_1352646875929087_7008354742138870912_n\" \/><\/li>\n                <li style=\"display: none; width: 100%;\" class=\"slide-19445 ms-image \" aria-roledescription=\"slide\" data-date=\"2025-11-24 13:16:15\" data-filename=\"486282864_1353809549146153_1865714488150545507_n-700x300.jpg\" data-slide-type=\"image\"><img loading=\"lazy\" decoding=\"async\" src=\"https:\/\/www.studio20.be\/wp-content\/uploads\/2025\/11\/486282864_1353809549146153_1865714488150545507_n-700x300.jpg\" height=\"300\" width=\"700\" alt=\"\" class=\"slider-19433 slide-19445 msDefaultImage\" title=\"486282864_1353809549146153_1865714488150545507_n\" \/><\/li>\n                <li style=\"display: none; width: 100%;\" class=\"slide-19443 ms-image \" aria-roledescription=\"slide\" data-date=\"2025-11-24 13:16:15\" data-filename=\"486072829_1352832189243889_1565592354510824909_n-700x300.jpg\" data-slide-type=\"image\"><img loading=\"lazy\" decoding=\"async\" src=\"https:\/\/www.studio20.be\/wp-content\/uploads\/2025\/11\/486072829_1352832189243889_1565592354510824909_n-700x300.jpg\" height=\"300\" width=\"700\" alt=\"\" class=\"slider-19433 slide-19443 msDefaultImage\" title=\"486072829_1352832189243889_1565592354510824909_n\" \/><\/li>\n            <\/ul>\n        <\/div>\n        \n    <\/div>\n<\/div>\n\n\n\n<div style=\"height:28px\" aria-hidden=\"true\" class=\"wp-block-spacer\"><\/div>\n\n\n\n<h3 class=\"wp-block-heading\"><strong>Warum sollten Sie Karaoke f\u00fcr Ihr Teambuilding w\u00e4hlen?<\/strong><\/h3>\n\n\n\n<div style=\"height:21px\" aria-hidden=\"true\" class=\"wp-block-spacer\"><\/div>\n\n\n\n<h5 class=\"wp-block-heading\"><strong>\u2605 F\u00f6rdert den Zusammenhalt und die Kommunikation<\/strong><\/h5>\n\n\n\n<p>Gemeinsames Singen ist eine einfache und wirkungsvolle Methode, um das Eis zwischen Kollegen zu brechen, Sch\u00fcchternheit zu \u00fcberwinden und das gegenseitige Vertrauen zu st\u00e4rken. In unseren privaten R\u00e4umen kann sich jeder frei entfalten, andere ermutigen und einen Moment gemeinsamer Freude erleben.<\/p>\n\n\n\n<h5 class=\"wp-block-heading\"><strong><strong>\u2605 Eine Aktivit\u00e4t f\u00fcr jedermann<\/strong><\/strong><\/h5>\n\n\n\n<p>Ganz gleich, ob Ihre Mitarbeiter erfahrene S\u00e4nger oder Hobby-S\u00e4nger sind \u2013 unser Konzept richtet sich an alle. Mit \u00fcber 40.000 verf\u00fcgbaren Titeln ist f\u00fcr jeden Geschmack etwas dabei: Pop, Rock, Klassiker, 80er-Jahre, 2000er-Jahre und vieles mehr!<\/p>\n\n\n\n<h5 class=\"wp-block-heading\"><strong><strong>\u2605 Entspannte &amp; unvergessliche Atmosph\u00e4re<\/strong><\/strong><\/h5>\n\n\n\n<p>Mit seinen themenbezogenen Privatr\u00e4umen, der professionellen Beschallungsanlage sowie Getr\u00e4nken und Snacks bietet Studio20 einen gem\u00fctlichen Rahmen f\u00fcr einen entspannten Moment nach einem Tag voller Besprechungen oder Schulungen oder bei einem Firmen-After-Work-Event.<\/p>\n\n\n\n<div style=\"height:36px\" aria-hidden=\"true\" class=\"wp-block-spacer\"><\/div>\n\n\n\n<h3 class=\"wp-block-heading\"><strong>Privatr\u00e4ume<\/strong><\/h3>\n\n\n\n<p>Studio20 verf\u00fcgt \u00fcber <strong>5 private R\u00e4ume,<\/strong> die von Gro\u00dfst\u00e4dten inspiriert sind und Platz f\u00fcr Gruppen von <strong>bis zu 30 Personen<\/strong> bieten.<\/p>\n\n\n\n<ul class=\"wp-block-list\">\n<li><strong>K\u00f6ln <\/strong>\u2013 bis zu 8 Personen<\/li>\n<\/ul>\n\n\n\n<ul class=\"wp-block-list\">\n<li><strong>Cleveland <\/strong>\u2013 bis zu 8 Personen<\/li>\n<\/ul>\n\n\n\n<ul class=\"wp-block-list\">\n<li><strong>New York<\/strong> \u2013 bis zu 15 Personen<\/li>\n<\/ul>\n\n\n\n<ul class=\"wp-block-list\">\n<li><strong>Philadelphia <\/strong>\u2013 bis zu 15 Personen<\/li>\n<\/ul>\n\n\n\n<ul class=\"wp-block-list\">\n<li><strong>Paris <\/strong>\u2013 bis zu 30 Personen<\/li>\n<\/ul>\n\n\n\n<p><strong>\ud83c\udfa4<\/strong> Jeder Raum ist so ausgestattet, dass er ein intensives und komfortables Erlebnis bietet, bei dem Ihr Team seine Lieblingslieder aus voller Kehle mitsingen, die Playlist \u00fcber das Tablet steuern, Snacks genie\u00dfen und direkt im Raum ansto\u00dfen kann. Ein ideales Erlebnis, um die Zeit mit den Kollegen in vollen Z\u00fcgen zu genie\u00dfen!<\/p>\n\n\n\n<p><a href=\"https:\/\/www.studio20.be\/de\/salles-karaoke\/\" target=\"_blank\" rel=\"noreferrer noopener\"><strong>> Entdecken Sie unsere R\u00e4ume<\/strong><\/a>:<\/p>\n\n\n\n<div style=\"height:50px\" aria-hidden=\"true\" class=\"wp-block-spacer\"><\/div>\n\n\n\n<div id=\"metaslider-id-20321\" style=\"width: 100%;\" class=\"ml-slider-3-104-0 metaslider metaslider-flex metaslider-20321 ml-slider ms-theme-default-base nav-hidden nav-hidden\" role=\"region\" aria-label=\"TEAMBuiling 1 photo\" data-height=\"300\" data-width=\"700\">\n    <div id=\"metaslider_container_20321\">\n        <div id=\"metaslider_20321\">\n            <ul aria-live='off' class='slides'>\n                <li style=\"display: block; width: 100%;\" class=\"slide-20326 ms-image \" aria-roledescription=\"slide\" data-date=\"2026-02-23 11:39:34\" data-filename=\"599960223_1588203205706785_6609514378223123244_n-1-700x300.jpg\" data-slide-type=\"image\"><img loading=\"lazy\" decoding=\"async\" src=\"https:\/\/www.studio20.be\/wp-content\/uploads\/2026\/02\/599960223_1588203205706785_6609514378223123244_n-1-700x300.jpg\" height=\"300\" width=\"700\" alt=\"\" class=\"slider-20321 slide-20326 msDefaultImage\" title=\"599960223_1588203205706785_6609514378223123244_n (1)\" \/><\/li>\n            <\/ul>\n        <\/div>\n        \n    <\/div>\n<\/div>\n\n\n\n<div style=\"height:50px\" aria-hidden=\"true\" class=\"wp-block-spacer\"><\/div>\n\n\n\n<h3 class=\"wp-block-heading\"><strong>Bar &amp; Snacks<\/strong><\/h3>\n\n\n\n<p>Studio20 hat mehr zu bieten als nur das Mikrofon! Genie\u00dfen Sie zu Ihrer Karaoke-Session auch eine gro\u00dfe Auswahl an Cocktails, regionalen Bieren vom Fass, alkoholfreien Getr\u00e4nken und Snacks.<\/p>\n\n\n\n<p>Genie\u00dft den Abend, indem ihr Getr\u00e4nke und Snacks direkt in euren Raum bestellt und gemeinsam als Team ansto\u00dft \ud83c\udf7e<\/p>\n\n\n\n<div style=\"height:63px\" aria-hidden=\"true\" class=\"wp-block-spacer\"><\/div>\n\n\n\n<h3 class=\"wp-block-heading\"><strong>Warum sollten Sie sich f\u00fcr Studio20 entscheiden?\u00a0<\/strong><\/h3>\n\n\n\n<p>\u2714 Ein eigener Raum und eine festliche Atmosph\u00e4re \u2013 genie\u00dfen Sie diesen einzigartigen Moment mit Ihren Kollegen, ganz ohne St\u00f6rungen oder L\u00e4rm von au\u00dfen<br>\u2714 St\u00e4rkung des Teamzusammenhalts \u2013 f\u00f6rdert die gegenseitige Unterst\u00fctzung und die Gruppendynamik<br>\u2714 Bessere interne Kommunikation \u2013 wer sich traut zu singen, traut sich auch, sich zu \u00e4u\u00dfern<br>\u2714 Momente der Entspannung und des Spa\u00dfes \u2013 unverzichtbar, um Stress abzubauen und das Team wieder mit Energie zu versorgen<br>\u2714 Geeignet f\u00fcr alle Gruppen \u2013 egal, ob Sie eine kleine Gruppe oder eine gro\u00dfe Gruppe mit bis zu 30 Personen sind<br>\u2714 Riesige Auswahl an Songs \u2013 zahlreiche Playlists, damit jeder zu seinen Lieblingsstilen singen und tanzen kann.<br>\u2714 Getr\u00e4nke und Snacks vor Ort erh\u00e4ltlich \u2013 zum Ansto\u00dfen, Knabbern und f\u00fcr neue Energie<br>\u2714 Starke gemeinsame Erinnerungen \u2013 ein pr\u00e4gender Moment, der im Ged\u00e4chtnis bleibt<\/p>\n\n\n\n<p><em><strong>Studio 20 \u2013 der perfekte Ort, um Ihre Kollegen einmal von einer ganz anderen Seite kennenzulernen.<\/strong><\/em><\/p>\n\n\n\n<div style=\"height:75px\" aria-hidden=\"true\" class=\"wp-block-spacer\"><\/div>\n\n\n\n<h3 class=\"wp-block-heading\"><strong>Sind Sie bereit, Ihr n\u00e4chstes Teambuilding zu organisieren?<\/strong><\/h3>\n\n\n\n<p>Bei Studio20 begleitet Sie unser Team von A bis Z bei der Gestaltung einer ma\u00dfgeschneiderten Aktivit\u00e4t, die zu Ihrer Unternehmenskultur, Ihren Zielen f\u00fcr den Teamzusammenhalt und Ihrem Budget passt.<\/p>\n\n\n\n<h4 class=\"wp-block-heading\">Seid ihr bereit, gemeinsam unvergessliche Erinnerungen zu schaffen?<\/h4>\n\n\n\n<p>Kontaktieren Sie uns unter <a href=\"tel:080870116\">080\/87.01.16<\/a> oder \u00fcber <a href=\"mailto:info@studio20.be\">info@studio20.be<\/a><\/p>\n","protected":false},"excerpt":{"rendered":"<p>Eine gesellige, unterhaltsame und verbindende Aktivit\u00e4t! Das Studio 20 l\u00e4dt [&hellip;]<\/p>\n","protected":false},"author":2,"featured_media":3484,"parent":0,"menu_order":0,"comment_status":"closed","ping_status":"closed","template":"","meta":{"_acf_changed":false,"footnotes":""},"class_list":["post-20777","page","type-page","status-publish","has-post-thumbnail","hentry","pure-header"],"acf":[],"yoast_head":"<!-- This site is optimized with the Yoast SEO plugin v27.3 - https:\/\/yoast.com\/product\/yoast-seo-wordpress\/ -->\n<title>Teambuilding - Studio 20<\/title>\n<meta name=\"robots\" content=\"index, follow, max-snippet:-1, max-image-preview:large, max-video-preview:-1\" \/>\n<link rel=\"canonical\" href=\"https:\/\/www.studio20.be\/de\/teambuilding\/\" \/>\n<meta property=\"og:locale\" content=\"de_DE\" \/>\n<meta property=\"og:type\" content=\"article\" \/>\n<meta property=\"og:title\" content=\"Teambuilding - Studio 20\" \/>\n<meta property=\"og:description\" content=\"Eine gesellige, unterhaltsame und verbindende Aktivit\u00e4t! Das Studio 20 l\u00e4dt [&hellip;]\" \/>\n<meta property=\"og:url\" content=\"https:\/\/www.studio20.be\/de\/teambuilding\/\" \/>\n<meta property=\"og:site_name\" content=\"Studio 20\" \/>\n<meta property=\"article:publisher\" content=\"https:\/\/www.facebook.com\/Studio-20-Karaoke-107869020961945\" \/>\n<meta property=\"article:modified_time\" content=\"2026-04-13T11:14:28+00:00\" \/>\n<meta property=\"og:image\" content=\"https:\/\/www.studio20.be\/wp-content\/uploads\/2021\/06\/FacebookStudio20_photosHighlights134.jpg\" \/>\n\t<meta property=\"og:image:width\" content=\"2362\" \/>\n\t<meta property=\"og:image:height\" content=\"2362\" \/>\n\t<meta property=\"og:image:type\" content=\"image\/jpeg\" \/>\n<meta name=\"twitter:card\" content=\"summary_large_image\" \/>\n<meta name=\"twitter:label1\" content=\"Gesch\u00e4tzte Lesezeit\" \/>\n\t<meta name=\"twitter:data1\" content=\"4\u00a0Minuten\" \/>\n<script type=\"application\/ld+json\" class=\"yoast-schema-graph\">{\"@context\":\"https:\\\/\\\/schema.org\",\"@graph\":[{\"@type\":\"WebPage\",\"@id\":\"https:\\\/\\\/www.studio20.be\\\/de\\\/teambuilding\\\/\",\"url\":\"https:\\\/\\\/www.studio20.be\\\/de\\\/teambuilding\\\/\",\"name\":\"Teambuilding - Studio 20\",\"isPartOf\":{\"@id\":\"https:\\\/\\\/www.studio20.be\\\/#website\"},\"primaryImageOfPage\":{\"@id\":\"https:\\\/\\\/www.studio20.be\\\/de\\\/teambuilding\\\/#primaryimage\"},\"image\":{\"@id\":\"https:\\\/\\\/www.studio20.be\\\/de\\\/teambuilding\\\/#primaryimage\"},\"thumbnailUrl\":\"https:\\\/\\\/www.studio20.be\\\/wp-content\\\/uploads\\\/2021\\\/06\\\/FacebookStudio20_photosHighlights134.jpg\",\"datePublished\":\"2026-04-13T10:31:09+00:00\",\"dateModified\":\"2026-04-13T11:14:28+00:00\",\"breadcrumb\":{\"@id\":\"https:\\\/\\\/www.studio20.be\\\/de\\\/teambuilding\\\/#breadcrumb\"},\"inLanguage\":\"de\",\"potentialAction\":[{\"@type\":\"ReadAction\",\"target\":[\"https:\\\/\\\/www.studio20.be\\\/de\\\/teambuilding\\\/\"]}]},{\"@type\":\"ImageObject\",\"inLanguage\":\"de\",\"@id\":\"https:\\\/\\\/www.studio20.be\\\/de\\\/teambuilding\\\/#primaryimage\",\"url\":\"https:\\\/\\\/www.studio20.be\\\/wp-content\\\/uploads\\\/2021\\\/06\\\/FacebookStudio20_photosHighlights134.jpg\",\"contentUrl\":\"https:\\\/\\\/www.studio20.be\\\/wp-content\\\/uploads\\\/2021\\\/06\\\/FacebookStudio20_photosHighlights134.jpg\",\"width\":2362,\"height\":2362},{\"@type\":\"BreadcrumbList\",\"@id\":\"https:\\\/\\\/www.studio20.be\\\/de\\\/teambuilding\\\/#breadcrumb\",\"itemListElement\":[{\"@type\":\"ListItem\",\"position\":1,\"name\":\"Accueil\",\"item\":\"https:\\\/\\\/www.studio20.be\\\/de\\\/\"},{\"@type\":\"ListItem\",\"position\":2,\"name\":\"Teambuilding\"}]},{\"@type\":\"WebSite\",\"@id\":\"https:\\\/\\\/www.studio20.be\\\/#website\",\"url\":\"https:\\\/\\\/www.studio20.be\\\/\",\"name\":\"Studio 20\",\"description\":\"Un site utilisant Les sites de Intermills\",\"potentialAction\":[{\"@type\":\"SearchAction\",\"target\":{\"@type\":\"EntryPoint\",\"urlTemplate\":\"https:\\\/\\\/www.studio20.be\\\/?s={search_term_string}\"},\"query-input\":{\"@type\":\"PropertyValueSpecification\",\"valueRequired\":true,\"valueName\":\"search_term_string\"}}],\"inLanguage\":\"de\"}]}<\/script>\n<!-- \/ Yoast SEO plugin. -->","yoast_head_json":{"title":"Teambuilding - Studio 20","robots":{"index":"index","follow":"follow","max-snippet":"max-snippet:-1","max-image-preview":"max-image-preview:large","max-video-preview":"max-video-preview:-1"},"canonical":"https:\/\/www.studio20.be\/de\/teambuilding\/","og_locale":"de_DE","og_type":"article","og_title":"Teambuilding - Studio 20","og_description":"Eine gesellige, unterhaltsame und verbindende Aktivit\u00e4t! Das Studio 20 l\u00e4dt [&hellip;]","og_url":"https:\/\/www.studio20.be\/de\/teambuilding\/","og_site_name":"Studio 20","article_publisher":"https:\/\/www.facebook.com\/Studio-20-Karaoke-107869020961945","article_modified_time":"2026-04-13T11:14:28+00:00","og_image":[{"width":2362,"height":2362,"url":"https:\/\/www.studio20.be\/wp-content\/uploads\/2021\/06\/FacebookStudio20_photosHighlights134.jpg","type":"image\/jpeg"}],"twitter_card":"summary_large_image","twitter_misc":{"Gesch\u00e4tzte Lesezeit":"4\u00a0Minuten"},"schema":{"@context":"https:\/\/schema.org","@graph":[{"@type":"WebPage","@id":"https:\/\/www.studio20.be\/de\/teambuilding\/","url":"https:\/\/www.studio20.be\/de\/teambuilding\/","name":"Teambuilding - Studio 20","isPartOf":{"@id":"https:\/\/www.studio20.be\/#website"},"primaryImageOfPage":{"@id":"https:\/\/www.studio20.be\/de\/teambuilding\/#primaryimage"},"image":{"@id":"https:\/\/www.studio20.be\/de\/teambuilding\/#primaryimage"},"thumbnailUrl":"https:\/\/www.studio20.be\/wp-content\/uploads\/2021\/06\/FacebookStudio20_photosHighlights134.jpg","datePublished":"2026-04-13T10:31:09+00:00","dateModified":"2026-04-13T11:14:28+00:00","breadcrumb":{"@id":"https:\/\/www.studio20.be\/de\/teambuilding\/#breadcrumb"},"inLanguage":"de","potentialAction":[{"@type":"ReadAction","target":["https:\/\/www.studio20.be\/de\/teambuilding\/"]}]},{"@type":"ImageObject","inLanguage":"de","@id":"https:\/\/www.studio20.be\/de\/teambuilding\/#primaryimage","url":"https:\/\/www.studio20.be\/wp-content\/uploads\/2021\/06\/FacebookStudio20_photosHighlights134.jpg","contentUrl":"https:\/\/www.studio20.be\/wp-content\/uploads\/2021\/06\/FacebookStudio20_photosHighlights134.jpg","width":2362,"height":2362},{"@type":"BreadcrumbList","@id":"https:\/\/www.studio20.be\/de\/teambuilding\/#breadcrumb","itemListElement":[{"@type":"ListItem","position":1,"name":"Accueil","item":"https:\/\/www.studio20.be\/de\/"},{"@type":"ListItem","position":2,"name":"Teambuilding"}]},{"@type":"WebSite","@id":"https:\/\/www.studio20.be\/#website","url":"https:\/\/www.studio20.be\/","name":"Studio 20","description":"Un site utilisant Les sites de Intermills","potentialAction":[{"@type":"SearchAction","target":{"@type":"EntryPoint","urlTemplate":"https:\/\/www.studio20.be\/?s={search_term_string}"},"query-input":{"@type":"PropertyValueSpecification","valueRequired":true,"valueName":"search_term_string"}}],"inLanguage":"de"}]}},"_links":{"self":[{"href":"https:\/\/www.studio20.be\/de\/wp-json\/wp\/v2\/pages\/20777","targetHints":{"allow":["GET"]}}],"collection":[{"href":"https:\/\/www.studio20.be\/de\/wp-json\/wp\/v2\/pages"}],"about":[{"href":"https:\/\/www.studio20.be\/de\/wp-json\/wp\/v2\/types\/page"}],"author":[{"embeddable":true,"href":"https:\/\/www.studio20.be\/de\/wp-json\/wp\/v2\/users\/2"}],"replies":[{"embeddable":true,"href":"https:\/\/www.studio20.be\/de\/wp-json\/wp\/v2\/comments?post=20777"}],"version-history":[{"count":3,"href":"https:\/\/www.studio20.be\/de\/wp-json\/wp\/v2\/pages\/20777\/revisions"}],"predecessor-version":[{"id":20781,"href":"https:\/\/www.studio20.be\/de\/wp-json\/wp\/v2\/pages\/20777\/revisions\/20781"}],"wp:featuredmedia":[{"embeddable":true,"href":"https:\/\/www.studio20.be\/de\/wp-json\/wp\/v2\/media\/3484"}],"wp:attachment":[{"href":"https:\/\/www.studio20.be\/de\/wp-json\/wp\/v2\/media?parent=20777"}],"curies":[{"name":"wp","href":"https:\/\/api.w.org\/{rel}","templated":true}]}}