{"id":20784,"date":"2026-04-13T15:05:23","date_gmt":"2026-04-13T13:05:23","guid":{"rendered":"https:\/\/www.studio20.be\/?page_id=20784"},"modified":"2026-04-13T15:05:26","modified_gmt":"2026-04-13T13:05:26","slug":"geburtstag","status":"publish","type":"page","link":"https:\/\/www.studio20.be\/de\/geburtstag\/","title":{"rendered":"Geburtstag"},"content":{"rendered":"\n<h3 class=\"wp-block-heading\" id=\"block-4812e22f-7145-4cad-aada-98528ca15d27\"><strong>\ud83c\udf89 Feiern Sie diesen besonderen Tag, indem Sie gemeinsam mit Ihren Lieben aus voller Kehle singen<\/strong><\/h3>\n\n\n\n<p id=\"block-9deef251-554f-4df9-9d9e-d53bb5179d3f\">8 Jahre, 15 Jahre, 20 Jahre, 50 Jahre\u2026 oder sogar 90 Jahre!<\/p>\n\n\n\n<p>Im Studio20 Karaoke ist eine Geburtstagsfeier nicht nur eine Party, sondern ein unterhaltsames, geselliges und unvergessliches Erlebnis, an das sich alle gerne zur\u00fcckerinnern werden.<\/p>\n\n\n\n<p id=\"block-723a3c4e-878c-405d-8ba3-7684423bf1d2\">Ob Kindergeburtstag, Teenager- oder Erwachsenengeburtstag \u2013 unser Konzept des privaten Karaoke-Raums ist der ideale Ort, um Familie und Freunde bei Musik, Lachen und gemeinsamen Erlebnissen zusammenzubringen.<\/p>\n\n\n\n<div style=\"height:30px\" aria-hidden=\"true\" class=\"wp-block-spacer\"><\/div>\n\n\n\n<p id=\"block-be297ec4-cf5f-4e95-8bf9-aef572c66dbf\"><div id=\"metaslider-id-19455\" style=\"width: 100%;\" class=\"ml-slider-3-104-0 metaslider metaslider-flex metaslider-19455 ml-slider has-dots-nav ms-theme-default-base\" role=\"region\" aria-label=\"Anniversaires\" data-height=\"300\" data-width=\"700\">\n    <div id=\"metaslider_container_19455\">\n        <div id=\"metaslider_19455\">\n            <ul aria-live='off' class='slides'>\n                <li style=\"display: block; width: 100%;\" class=\"slide-19456 ms-image \" aria-roledescription=\"slide\" data-date=\"2025-11-24 13:20:01\" data-filename=\"488550258_1362978264895948_1525294036109613752_n-700x300.jpg\" data-slide-type=\"image\"><img loading=\"lazy\" decoding=\"async\" src=\"https:\/\/www.studio20.be\/wp-content\/uploads\/2025\/06\/488550258_1362978264895948_1525294036109613752_n-700x300.jpg\" height=\"300\" width=\"700\" alt=\"\" class=\"slider-19455 slide-19456 msDefaultImage\" title=\"488550258_1362978264895948_1525294036109613752_n\" \/><\/li>\n                <li style=\"display: none; width: 100%;\" class=\"slide-19471 ms-image \" aria-roledescription=\"slide\" data-date=\"2025-11-24 13:21:15\" data-filename=\"518293861_1449213816272392_9006008507092178103_n-700x300.jpg\" data-slide-type=\"image\"><img loading=\"lazy\" decoding=\"async\" src=\"https:\/\/www.studio20.be\/wp-content\/uploads\/2025\/11\/518293861_1449213816272392_9006008507092178103_n-700x300.jpg\" height=\"300\" width=\"700\" alt=\"\" class=\"slider-19455 slide-19471 msDefaultImage\" title=\"518293861_1449213816272392_9006008507092178103_n\" \/><\/li>\n                <li style=\"display: none; width: 100%;\" class=\"slide-19470 ms-image \" aria-roledescription=\"slide\" data-date=\"2025-11-24 13:21:15\" data-filename=\"518339055_1449214592938981_5615127486292382604_n-700x300.jpg\" data-slide-type=\"image\"><img loading=\"lazy\" decoding=\"async\" src=\"https:\/\/www.studio20.be\/wp-content\/uploads\/2025\/11\/518339055_1449214592938981_5615127486292382604_n-700x300.jpg\" height=\"300\" width=\"700\" alt=\"\" class=\"slider-19455 slide-19470 msDefaultImage\" title=\"518339055_1449214592938981_5615127486292382604_n\" \/><\/li>\n                <li style=\"display: none; width: 100%;\" class=\"slide-19469 ms-image \" aria-roledescription=\"slide\" data-date=\"2025-11-24 13:21:14\" data-filename=\"518310493_1449213769605730_5125626703710171355_n-700x300.jpg\" data-slide-type=\"image\"><img loading=\"lazy\" decoding=\"async\" src=\"https:\/\/www.studio20.be\/wp-content\/uploads\/2025\/11\/518310493_1449213769605730_5125626703710171355_n-700x300.jpg\" height=\"300\" width=\"700\" alt=\"\" class=\"slider-19455 slide-19469 msDefaultImage\" title=\"518310493_1449213769605730_5125626703710171355_n\" \/><\/li>\n                <li style=\"display: none; width: 100%;\" class=\"slide-19472 ms-image \" aria-roledescription=\"slide\" data-date=\"2025-11-24 13:21:15\" data-filename=\"484825909_1349371009590007_837896912266809446_n-1-700x300.jpg\" data-slide-type=\"image\"><img loading=\"lazy\" decoding=\"async\" src=\"https:\/\/www.studio20.be\/wp-content\/uploads\/2025\/11\/484825909_1349371009590007_837896912266809446_n-1-700x300.jpg\" height=\"300\" width=\"700\" alt=\"\" class=\"slider-19455 slide-19472 msDefaultImage\" title=\"484825909_1349371009590007_837896912266809446_n\" \/><\/li>\n            <\/ul>\n        <\/div>\n        \n    <\/div>\n<\/div><\/p>\n\n\n\n<div style=\"height:69px\" aria-hidden=\"true\" class=\"wp-block-spacer\"><\/div>\n\n\n\n<h3 class=\"wp-block-heading\" id=\"block-ba226f86-b1e8-4f7c-afeb-7888676eebc4\"><strong>\ud83c\udfb6Ein einzigartiger Ort zum Singen, Lachen und Feiern<\/strong><\/h3>\n\n\n\n<p id=\"block-533c8b8e-70f1-4b56-9e4f-ad40fb785db1\">Studio20 bietet<strong> 5 private R\u00e4ume<\/strong>, die jeweils von gro\u00dfen St\u00e4dten inspiriert sind und Gruppen unterschiedlicher Gr\u00f6\u00dfe Platz bieten (bis zu 30 Personen im Raum \u201e<em>Paris<\/em>\u201c).<\/p>\n\n\n\n<p id=\"block-60d84d7e-59a5-4a50-b489-9aa9d44084c6\">Jeder Raum ist mit einer modernen Karaoke-Anlage, einem Bildschirm zur Songauswahl und zur Bestellung von Getr\u00e4nken und Speisen, Licht- und Soundeffekten sowie professionellen Mikrofonen ausgestattet.<\/p>\n\n\n\n<p id=\"block-a670d30d-a233-4d25-9984-5f630c3adb79\"><a href=\"https:\/\/www.studio20.be\/de\/salles-karaoke\/\">> Entdecken Sie unsere R\u00e4ume<\/a><\/p>\n\n\n\n<p id=\"block-ff6345b9-9242-4465-b697-67ab7e1c5d8c\">\ud83c\udfa4 Dank unseres <strong>Repertoires von \u00fcber 40.000 Songs<\/strong> kann sich jeder seine Lieblingsst\u00fccke aussuchen \u2013 von aktuellen Hits bis hin zu unverzichtbaren Klassikern \u2013, um zu singen, zu tanzen und bis tief in die Nacht eine Show abzuziehen!<\/p>\n\n\n\n<div style=\"height:36px\" aria-hidden=\"true\" class=\"wp-block-spacer\"><\/div>\n\n\n\n<h3 class=\"wp-block-heading\" id=\"block-2e164288-23a5-45e4-b2fd-ebd7318f383b\">\ud83c\udf7e <strong>Ambiente &amp; Gastronomie<\/strong><\/h3>\n\n\n\n<p id=\"block-2c9cac02-a423-4d9b-83d0-dd49d80126c9\">Studio20 hat mehr zu bieten als nur das Mikrofon! Genie\u00dfen Sie zu Ihrer Karaoke-Session auch <strong>eine gro\u00dfe Auswahl an Cocktails, regionalen Bieren vom Fass, alkoholfreien Getr\u00e4nken und Snacks.<\/strong><\/p>\n\n\n\n<p>Machen Sie das Beste aus Ihrem Abend, indem Sie Getr\u00e4nke und Snacks direkt in Ihren Raum bestellen und gemeinsam ansto\u00dfen.<\/p>\n\n\n\n<p id=\"block-d74c7e8b-7058-4d54-a9ef-9a3e67c861b1\">Unser Team k\u00fcmmert sich um alles, damit Sie sich ganz auf den Spa\u00df konzentrieren k\u00f6nnen und einen <strong>unvergesslichen Abend<\/strong> erleben!<\/p>\n\n\n\n<div style=\"height:56px\" aria-hidden=\"true\" class=\"wp-block-spacer\"><\/div>\n\n\n\n<h3 class=\"wp-block-heading\" id=\"block-d0130d66-d0bf-4049-a132-8da85cf4d562\">\u2728\u200b <strong>Ideal f\u00fcr jedes Alter<\/strong><\/h3>\n\n\n\n<h5 class=\"wp-block-heading\" id=\"block-7b1fa839-2402-47a8-8191-f358368dcdf2\"><em><strong>\u2605 Kindergeburtstag<\/strong><\/em><\/h5>\n\n\n\n<p id=\"block-f6d18c19-5467-444b-a879-30808b8f2545\">Stellen Sie sich eine Geburtstagsparty vor, bei der die Kinder ihre Lieblingslieder singen, tanzen und sich wie echte Stars f\u00fchlen k\u00f6nnen! Eine originelle und energiegeladene Feier, die ihnen noch lange in Erinnerung bleiben wird.<\/p>\n\n\n\n<p id=\"block-7b938fe1-316a-432c-a383-7e3e13e16b3d\"><em><strong>Geburtstagspaket f\u00fcr Kinder:<\/strong><\/em><\/p>\n\n\n\n<p id=\"block-8bd9f3c8-a0f8-4f6a-8f45-6981be8a10f3\">Organisieren Sie eine traumhafte Kinderparty im Studio 20 Karaoke \u2013 unser Team k\u00fcmmert sich um alles!<\/p>\n\n\n\n<p id=\"block-224e98c3-7c4f-4e6f-ba21-d308e641cceb\"><strong>Basispaket \u2013 90 \u20ac + Preis f\u00fcr die Torte je nach Anzahl der Kinder<\/strong><\/p>\n\n\n\n<p>> 2,5 Stunden Karaoke in Ihrem privaten Raum mit Ton- und Lichtanlage.<\/p>\n\n\n\n<p id=\"block-2677e33c-28cf-44f8-be07-9964faa3972d\">> Geburtstagskuchen &amp; Getr\u00e4nke (Wasser\/Wasser mit Grenadine)<br><small><em>Von uns bereitgestellt. Mitgebrachte Materialien sind nicht gestattet.<\/em><\/small><\/p>\n\n\n\n<p id=\"block-70a5628a-8937-476b-9c4d-ab8968fced4b\"><strong>Weitere verf\u00fcgbare Optionen:<\/strong><\/p>\n\n\n\n<ul id=\"block-c89302cf-92bd-4f80-8b23-6d4c675028a5\" class=\"wp-block-list\">\n<li>Druck von Einladungskarten + Umschl\u00e4gen<\/li>\n\n\n\n<li>Pi\u00f1ata<\/li>\n\n\n\n<li>Kidibull<\/li>\n\n\n\n<li>Kerzennummer<\/li>\n\n\n\n<li>Kinokarten (je nach aktuellem Programm)<\/li>\n<\/ul>\n\n\n\n<p id=\"block-0ae923c7-421c-4b9b-a842-f65f409569cb\"><strong>Praktische Informationen:<\/strong><\/p>\n\n\n\n<ul id=\"block-e7df61fc-47ba-4706-8a7a-07b8a7ec15f5\" class=\"wp-block-list\">\n<li>Nur samstags oder sonntags<\/li>\n\n\n\n<li>Mindestalter: 8 Jahre \u2013 H\u00f6chstalter: 16 Jahre<\/li>\n\n\n\n<li>Das Angebot gilt f\u00fcr mindestens 6 und h\u00f6chstens 15 Kinder + 1 erwachsene Begleitperson (zus\u00e4tzliche Erwachsene k\u00f6nnen hinzugef\u00fcgt werden)<\/li>\n<\/ul>\n\n\n\n<p id=\"block-e33f104d-fd6c-4702-a374-c9906df306cc\"><strong>Kontaktieren Sie uns, um Ihr Geburtstagsarrangement zu buchen: <strong><a href=\"mailto:info@studio20.be\">info@studio20.be<\/a>\u00a0<\/strong> \u2013 <strong><a href=\"tel:080870116\">080\/87.01.16<\/a><\/strong><\/strong><\/p>\n\n\n\n<div style=\"height:39px\" aria-hidden=\"true\" class=\"wp-block-spacer\"><\/div>\n\n\n\n<h5 class=\"wp-block-heading\" id=\"block-62f19218-bc95-40f6-9cc3-538bb1819486\">\u2605 <strong><em>Geburtstagsfeier f\u00fcr Jugendliche<\/em><\/strong><\/h5>\n\n\n\n<p id=\"block-59eed551-8203-4d38-87f5-7db84dfc0662\">Eine Party mit Freunden, individuelle Playlists, Karaoke-Quiz-Herausforderungen \u2026 Studio20 ist der perfekte Ort f\u00fcr einen unterhaltsamen und lebhaften Nachmittag oder Abend in einem privaten Raum, der ganz f\u00fcr sie reserviert ist!<\/p>\n\n\n\n<div style=\"height:51px\" aria-hidden=\"true\" class=\"wp-block-spacer\"><\/div>\n\n\n\n<h5 class=\"wp-block-heading\" id=\"block-a5ca9225-c4ea-452b-8caa-08ac2d05737d\">\u2605 <strong><em>Geburtstagsfeier f\u00fcr Erwachsene<\/em><\/strong><\/h5>\n\n\n\n<p id=\"block-bfc9ffdc-3d30-4458-826b-94162d50e44d\">Machen Sie Ihren 18., 25., 30. oder 50. Geburtstag (oder \u00e4lter) zu einem echten privaten Spektakel: Duette, Battles, Musikthemen, Quizspiele \u2026 und vieles mehr.<\/p>\n\n\n\n<div style=\"height:31px\" aria-hidden=\"true\" class=\"wp-block-spacer\"><\/div>\n\n\n\n<h4 class=\"wp-block-heading\" id=\"block-951aada0-0bc8-4b69-8dd3-9d20495b911d\">Seid ihr bereit, unvergessliche Erinnerungen zu schaffen?<\/h4>\n\n\n\n<p id=\"block-08e8f6da-3e18-4526-ab3b-47c875e722ae\">\ud83c\udf82 Egal, was Sie vorhaben: ein Nachmittag mit Freunden, ein Familienabend oder eine Party mit Klassenkameraden \u2013 Studio20 ist der perfekte Ort daf\u00fcr!<\/p>\n\n\n\n<p id=\"block-72b8ab97-b358-4b87-b050-8044db466ece\">Kontaktieren Sie uns unter <a href=\"tel:080870116\">080\/87.01.16<\/a> oder \u00fcber <a href=\"mailto:info@studio20.be\">info@studio20.be<\/a><\/p>\n","protected":false},"excerpt":{"rendered":"<p>\ud83c\udf89 Feiern Sie diesen besonderen Tag, indem Sie gemeinsam mit [&hellip;]<\/p>\n","protected":false},"author":2,"featured_media":19323,"parent":0,"menu_order":0,"comment_status":"closed","ping_status":"closed","template":"","meta":{"_acf_changed":false,"footnotes":""},"class_list":["post-20784","page","type-page","status-publish","has-post-thumbnail","hentry","pure-header"],"acf":[],"yoast_head":"<!-- This site is optimized with the Yoast SEO plugin v27.3 - https:\/\/yoast.com\/product\/yoast-seo-wordpress\/ -->\n<title>Geburtstag - Studio 20<\/title>\n<meta name=\"robots\" content=\"index, follow, max-snippet:-1, max-image-preview:large, max-video-preview:-1\" \/>\n<link rel=\"canonical\" href=\"https:\/\/www.studio20.be\/de\/geburtstag\/\" \/>\n<meta property=\"og:locale\" content=\"de_DE\" \/>\n<meta property=\"og:type\" content=\"article\" \/>\n<meta property=\"og:title\" content=\"Geburtstag - Studio 20\" \/>\n<meta property=\"og:description\" content=\"\ud83c\udf89 Feiern Sie diesen besonderen Tag, indem Sie gemeinsam mit [&hellip;]\" \/>\n<meta property=\"og:url\" content=\"https:\/\/www.studio20.be\/de\/geburtstag\/\" \/>\n<meta property=\"og:site_name\" content=\"Studio 20\" \/>\n<meta property=\"article:publisher\" content=\"https:\/\/www.facebook.com\/Studio-20-Karaoke-107869020961945\" \/>\n<meta property=\"article:modified_time\" content=\"2026-04-13T13:05:26+00:00\" \/>\n<meta property=\"og:image\" content=\"https:\/\/www.studio20.be\/wp-content\/uploads\/2025\/11\/484825909_1349371009590007_837896912266809446_n.jpg\" \/>\n\t<meta property=\"og:image:width\" content=\"2048\" \/>\n\t<meta property=\"og:image:height\" content=\"1365\" \/>\n\t<meta property=\"og:image:type\" content=\"image\/jpeg\" \/>\n<meta name=\"twitter:card\" content=\"summary_large_image\" \/>\n<meta name=\"twitter:label1\" content=\"Gesch\u00e4tzte Lesezeit\" \/>\n\t<meta name=\"twitter:data1\" content=\"3\u00a0Minuten\" \/>\n<script type=\"application\/ld+json\" class=\"yoast-schema-graph\">{\"@context\":\"https:\\\/\\\/schema.org\",\"@graph\":[{\"@type\":\"WebPage\",\"@id\":\"https:\\\/\\\/www.studio20.be\\\/de\\\/geburtstag\\\/\",\"url\":\"https:\\\/\\\/www.studio20.be\\\/de\\\/geburtstag\\\/\",\"name\":\"Geburtstag - Studio 20\",\"isPartOf\":{\"@id\":\"https:\\\/\\\/www.studio20.be\\\/#website\"},\"primaryImageOfPage\":{\"@id\":\"https:\\\/\\\/www.studio20.be\\\/de\\\/geburtstag\\\/#primaryimage\"},\"image\":{\"@id\":\"https:\\\/\\\/www.studio20.be\\\/de\\\/geburtstag\\\/#primaryimage\"},\"thumbnailUrl\":\"https:\\\/\\\/www.studio20.be\\\/wp-content\\\/uploads\\\/2025\\\/11\\\/484825909_1349371009590007_837896912266809446_n.jpg\",\"datePublished\":\"2026-04-13T13:05:23+00:00\",\"dateModified\":\"2026-04-13T13:05:26+00:00\",\"breadcrumb\":{\"@id\":\"https:\\\/\\\/www.studio20.be\\\/de\\\/geburtstag\\\/#breadcrumb\"},\"inLanguage\":\"de\",\"potentialAction\":[{\"@type\":\"ReadAction\",\"target\":[\"https:\\\/\\\/www.studio20.be\\\/de\\\/geburtstag\\\/\"]}]},{\"@type\":\"ImageObject\",\"inLanguage\":\"de\",\"@id\":\"https:\\\/\\\/www.studio20.be\\\/de\\\/geburtstag\\\/#primaryimage\",\"url\":\"https:\\\/\\\/www.studio20.be\\\/wp-content\\\/uploads\\\/2025\\\/11\\\/484825909_1349371009590007_837896912266809446_n.jpg\",\"contentUrl\":\"https:\\\/\\\/www.studio20.be\\\/wp-content\\\/uploads\\\/2025\\\/11\\\/484825909_1349371009590007_837896912266809446_n.jpg\",\"width\":2048,\"height\":1365},{\"@type\":\"BreadcrumbList\",\"@id\":\"https:\\\/\\\/www.studio20.be\\\/de\\\/geburtstag\\\/#breadcrumb\",\"itemListElement\":[{\"@type\":\"ListItem\",\"position\":1,\"name\":\"Accueil\",\"item\":\"https:\\\/\\\/www.studio20.be\\\/de\\\/\"},{\"@type\":\"ListItem\",\"position\":2,\"name\":\"Geburtstag\"}]},{\"@type\":\"WebSite\",\"@id\":\"https:\\\/\\\/www.studio20.be\\\/#website\",\"url\":\"https:\\\/\\\/www.studio20.be\\\/\",\"name\":\"Studio 20\",\"description\":\"Un site utilisant Les sites de Intermills\",\"potentialAction\":[{\"@type\":\"SearchAction\",\"target\":{\"@type\":\"EntryPoint\",\"urlTemplate\":\"https:\\\/\\\/www.studio20.be\\\/?s={search_term_string}\"},\"query-input\":{\"@type\":\"PropertyValueSpecification\",\"valueRequired\":true,\"valueName\":\"search_term_string\"}}],\"inLanguage\":\"de\"}]}<\/script>\n<!-- \/ Yoast SEO plugin. -->","yoast_head_json":{"title":"Geburtstag - Studio 20","robots":{"index":"index","follow":"follow","max-snippet":"max-snippet:-1","max-image-preview":"max-image-preview:large","max-video-preview":"max-video-preview:-1"},"canonical":"https:\/\/www.studio20.be\/de\/geburtstag\/","og_locale":"de_DE","og_type":"article","og_title":"Geburtstag - Studio 20","og_description":"\ud83c\udf89 Feiern Sie diesen besonderen Tag, indem Sie gemeinsam mit [&hellip;]","og_url":"https:\/\/www.studio20.be\/de\/geburtstag\/","og_site_name":"Studio 20","article_publisher":"https:\/\/www.facebook.com\/Studio-20-Karaoke-107869020961945","article_modified_time":"2026-04-13T13:05:26+00:00","og_image":[{"width":2048,"height":1365,"url":"https:\/\/www.studio20.be\/wp-content\/uploads\/2025\/11\/484825909_1349371009590007_837896912266809446_n.jpg","type":"image\/jpeg"}],"twitter_card":"summary_large_image","twitter_misc":{"Gesch\u00e4tzte Lesezeit":"3\u00a0Minuten"},"schema":{"@context":"https:\/\/schema.org","@graph":[{"@type":"WebPage","@id":"https:\/\/www.studio20.be\/de\/geburtstag\/","url":"https:\/\/www.studio20.be\/de\/geburtstag\/","name":"Geburtstag - Studio 20","isPartOf":{"@id":"https:\/\/www.studio20.be\/#website"},"primaryImageOfPage":{"@id":"https:\/\/www.studio20.be\/de\/geburtstag\/#primaryimage"},"image":{"@id":"https:\/\/www.studio20.be\/de\/geburtstag\/#primaryimage"},"thumbnailUrl":"https:\/\/www.studio20.be\/wp-content\/uploads\/2025\/11\/484825909_1349371009590007_837896912266809446_n.jpg","datePublished":"2026-04-13T13:05:23+00:00","dateModified":"2026-04-13T13:05:26+00:00","breadcrumb":{"@id":"https:\/\/www.studio20.be\/de\/geburtstag\/#breadcrumb"},"inLanguage":"de","potentialAction":[{"@type":"ReadAction","target":["https:\/\/www.studio20.be\/de\/geburtstag\/"]}]},{"@type":"ImageObject","inLanguage":"de","@id":"https:\/\/www.studio20.be\/de\/geburtstag\/#primaryimage","url":"https:\/\/www.studio20.be\/wp-content\/uploads\/2025\/11\/484825909_1349371009590007_837896912266809446_n.jpg","contentUrl":"https:\/\/www.studio20.be\/wp-content\/uploads\/2025\/11\/484825909_1349371009590007_837896912266809446_n.jpg","width":2048,"height":1365},{"@type":"BreadcrumbList","@id":"https:\/\/www.studio20.be\/de\/geburtstag\/#breadcrumb","itemListElement":[{"@type":"ListItem","position":1,"name":"Accueil","item":"https:\/\/www.studio20.be\/de\/"},{"@type":"ListItem","position":2,"name":"Geburtstag"}]},{"@type":"WebSite","@id":"https:\/\/www.studio20.be\/#website","url":"https:\/\/www.studio20.be\/","name":"Studio 20","description":"Un site utilisant Les sites de Intermills","potentialAction":[{"@type":"SearchAction","target":{"@type":"EntryPoint","urlTemplate":"https:\/\/www.studio20.be\/?s={search_term_string}"},"query-input":{"@type":"PropertyValueSpecification","valueRequired":true,"valueName":"search_term_string"}}],"inLanguage":"de"}]}},"_links":{"self":[{"href":"https:\/\/www.studio20.be\/de\/wp-json\/wp\/v2\/pages\/20784","targetHints":{"allow":["GET"]}}],"collection":[{"href":"https:\/\/www.studio20.be\/de\/wp-json\/wp\/v2\/pages"}],"about":[{"href":"https:\/\/www.studio20.be\/de\/wp-json\/wp\/v2\/types\/page"}],"author":[{"embeddable":true,"href":"https:\/\/www.studio20.be\/de\/wp-json\/wp\/v2\/users\/2"}],"replies":[{"embeddable":true,"href":"https:\/\/www.studio20.be\/de\/wp-json\/wp\/v2\/comments?post=20784"}],"version-history":[{"count":1,"href":"https:\/\/www.studio20.be\/de\/wp-json\/wp\/v2\/pages\/20784\/revisions"}],"predecessor-version":[{"id":20786,"href":"https:\/\/www.studio20.be\/de\/wp-json\/wp\/v2\/pages\/20784\/revisions\/20786"}],"wp:featuredmedia":[{"embeddable":true,"href":"https:\/\/www.studio20.be\/de\/wp-json\/wp\/v2\/media\/19323"}],"wp:attachment":[{"href":"https:\/\/www.studio20.be\/de\/wp-json\/wp\/v2\/media?parent=20784"}],"curies":[{"name":"wp","href":"https:\/\/api.w.org\/{rel}","templated":true}]}}