{"id":20787,"date":"2026-04-13T15:16:25","date_gmt":"2026-04-13T13:16:25","guid":{"rendered":"https:\/\/www.studio20.be\/?page_id=20787"},"modified":"2026-04-13T15:16:28","modified_gmt":"2026-04-13T13:16:28","slug":"schule","status":"publish","type":"page","link":"https:\/\/www.studio20.be\/de\/schule\/","title":{"rendered":"Schule"},"content":{"rendered":"\n<h3 class=\"wp-block-heading\"><strong>M\u00f6chten Sie einen Tag f\u00fcr Ihre Schule, Ihre Organisation oder Ihr Praktikum organisieren?<\/strong><\/h3>\n\n\n\n<p>Im Studio20 hei\u00dfen wir euch zu freien Karaoke-Sessions oder mit unserem \u201e<strong><em>School Funny Package<\/em><\/strong>\u201c herzlich willkommen!<\/p>\n\n\n\n<div style=\"height:39px\" aria-hidden=\"true\" class=\"wp-block-spacer\"><\/div>\n\n\n\n<div id=\"metaslider-id-19480\" style=\"width: 100%;\" class=\"ml-slider-3-104-0 metaslider metaslider-flex metaslider-19480 ml-slider has-dots-nav ms-theme-default-base\" role=\"region\" aria-label=\"Ecole\" data-height=\"300\" data-width=\"700\">\n    <div id=\"metaslider_container_19480\">\n        <div id=\"metaslider_19480\">\n            <ul aria-live='off' class='slides'>\n                <li style=\"display: block; width: 100%;\" class=\"slide-19481 ms-image \" aria-roledescription=\"slide\" data-date=\"2025-11-24 13:28:14\" data-filename=\"488550258_1362978264895948_1525294036109613752_n-700x300.jpg\" data-slide-type=\"image\"><img loading=\"lazy\" decoding=\"async\" src=\"https:\/\/www.studio20.be\/wp-content\/uploads\/2025\/06\/488550258_1362978264895948_1525294036109613752_n-700x300.jpg\" height=\"300\" width=\"700\" alt=\"\" class=\"slider-19480 slide-19481 msDefaultImage\" title=\"488550258_1362978264895948_1525294036109613752_n\" \/><\/li>\n                <li style=\"display: none; width: 100%;\" class=\"slide-19504 ms-image \" aria-roledescription=\"slide\" data-date=\"2025-11-24 13:29:33\" data-filename=\"494689571_1229228132546107_8000862978143549114_n-700x300.jpg\" data-slide-type=\"image\"><img loading=\"lazy\" decoding=\"async\" src=\"https:\/\/www.studio20.be\/wp-content\/uploads\/2025\/11\/494689571_1229228132546107_8000862978143549114_n-700x300.jpg\" height=\"300\" width=\"700\" alt=\"\" class=\"slider-19480 slide-19504 msDefaultImage\" title=\"494689571_1229228132546107_8000862978143549114_n\" \/><\/li>\n                <li style=\"display: none; width: 100%;\" class=\"slide-19505 ms-image \" aria-roledescription=\"slide\" data-date=\"2025-11-24 13:29:33\" data-filename=\"495053378_1229228419212745_7318185046578930380_n-700x300.jpg\" data-slide-type=\"image\"><img loading=\"lazy\" decoding=\"async\" src=\"https:\/\/www.studio20.be\/wp-content\/uploads\/2025\/11\/495053378_1229228419212745_7318185046578930380_n-700x300.jpg\" height=\"300\" width=\"700\" alt=\"\" class=\"slider-19480 slide-19505 msDefaultImage\" title=\"495053378_1229228419212745_7318185046578930380_n\" \/><\/li>\n                <li style=\"display: none; width: 100%;\" class=\"slide-19506 ms-image \" aria-roledescription=\"slide\" data-date=\"2025-11-24 13:29:33\" data-filename=\"498528592_1241110411357879_3287191830780450480_n-700x300.jpg\" data-slide-type=\"image\"><img loading=\"lazy\" decoding=\"async\" src=\"https:\/\/www.studio20.be\/wp-content\/uploads\/2025\/11\/498528592_1241110411357879_3287191830780450480_n-700x300.jpg\" height=\"300\" width=\"700\" alt=\"\" class=\"slider-19480 slide-19506 msDefaultImage\" title=\"498528592_1241110411357879_3287191830780450480_n\" \/><\/li>\n                <li style=\"display: none; width: 100%;\" class=\"slide-19507 ms-image \" aria-roledescription=\"slide\" data-date=\"2025-11-24 13:29:33\" data-filename=\"497513890_1241111534691100_6841106262378021596_n-700x300.jpg\" data-slide-type=\"image\"><img loading=\"lazy\" decoding=\"async\" src=\"https:\/\/www.studio20.be\/wp-content\/uploads\/2025\/11\/497513890_1241111534691100_6841106262378021596_n-700x300.jpg\" height=\"300\" width=\"700\" alt=\"\" class=\"slider-19480 slide-19507 msDefaultImage\" title=\"497513890_1241111534691100_6841106262378021596_n\" \/><\/li>\n                <li style=\"display: none; width: 100%;\" class=\"slide-19503 ms-image \" aria-roledescription=\"slide\" data-date=\"2025-11-24 13:29:33\" data-filename=\"495323224_1229227932546127_2388988063127222730_n-700x300.jpg\" data-slide-type=\"image\"><img loading=\"lazy\" decoding=\"async\" src=\"https:\/\/www.studio20.be\/wp-content\/uploads\/2025\/11\/495323224_1229227932546127_2388988063127222730_n-700x300.jpg\" height=\"300\" width=\"700\" alt=\"\" class=\"slider-19480 slide-19503 msDefaultImage\" title=\"495323224_1229227932546127_2388988063127222730_n\" \/><\/li>\n                <li style=\"display: none; width: 100%;\" class=\"slide-19509 ms-image \" aria-roledescription=\"slide\" data-date=\"2025-11-24 13:29:33\" data-filename=\"497957039_1241107894691464_6163568601213372736_n-700x300.jpg\" data-slide-type=\"image\"><img loading=\"lazy\" decoding=\"async\" src=\"https:\/\/www.studio20.be\/wp-content\/uploads\/2025\/11\/497957039_1241107894691464_6163568601213372736_n-700x300.jpg\" height=\"300\" width=\"700\" alt=\"\" class=\"slider-19480 slide-19509 msDefaultImage\" title=\"497957039_1241107894691464_6163568601213372736_n\" \/><\/li>\n            <\/ul>\n        <\/div>\n        \n    <\/div>\n<\/div>\n\n\n\n<div style=\"height:40px\" aria-hidden=\"true\" class=\"wp-block-spacer\"><\/div>\n\n\n\n<h3 class=\"wp-block-heading\"><strong>Ein lehrreicher, unterhaltsamer und interaktiver Ausflug<\/strong><\/h3>\n\n\n\n<p>Wir wissen, dass Lernen nicht nur im traditionellen Unterricht stattfindet. Gesang, Musik und szenischer Ausdruck sind hervorragende Mittel, um Kreativit\u00e4t, Selbstvertrauen und Teamgeist bei jungen Menschen zu f\u00f6rdern. Deshalb bieten wir originelle und dynamische Schulausfl\u00fcge an, die auf Grund- und Sekundarschulklassen zugeschnitten sind.<\/p>\n\n\n\n<div style=\"height:43px\" aria-hidden=\"true\" class=\"wp-block-spacer\"><\/div>\n\n\n\n<h3 class=\"wp-block-heading\"><strong>\ud83c\udfa4 Warum sollten Sie an Ihrer Schule eine Karaoke-Veranstaltung anbieten?<\/strong><\/h3>\n\n\n\n<p><strong>\ud83d\udcda Anders lernen dank Musik<\/strong><\/p>\n\n\n\n<p>Karaoke ist nicht nur ein unterhaltsamer Zeitvertreib: Es erm\u00f6glicht den Sch\u00fclern, ihr H\u00f6rverst\u00e4ndnis, ihr Ged\u00e4chtnis und ihren Gesang zu trainieren und dabei Spa\u00df zu haben. Sie lernen:<\/p>\n\n\n\n<ul class=\"wp-block-list\">\n<li>ihre Stimme selbstbewusst zu tragen<\/li>\n\n\n\n<li>an Rhythmus und Intonation arbeiten<\/li>\n\n\n\n<li>sich auf die Musik der Gruppe abstimmen<\/li>\n\n\n\n<li>sich trauen, vor einem wohlwollenden Publikum zu sprechen<\/li>\n<\/ul>\n\n\n\n<p>Diese Kompetenzen sind \u00fcbergreifend und sowohl im schulischen als auch im privaten Bereich von Nutzen.<\/p>\n\n\n\n<div style=\"height:22px\" aria-hidden=\"true\" class=\"wp-block-spacer\"><\/div>\n\n\n\n<p><strong>\ud83e\udd1d Teamgeist und Zusammenarbeit f\u00f6rdern<\/strong><\/p>\n\n\n\n<p>Das Singen in der Gruppe oder im Duett regt die Sch\u00fcler dazu an, sich gegenseitig zu unterst\u00fctzen, zusammenzuarbeiten und gemeinsam eine positive Erfahrung zu machen. Es ist eine ideale Aktivit\u00e4t, um das Eis zwischen den Mitsch\u00fclern zu brechen, den Zusammenhalt zu st\u00e4rken und gemeinsame Erinnerungen zu schaffen.<\/p>\n\n\n\n<div style=\"height:58px\" aria-hidden=\"true\" class=\"wp-block-spacer\"><\/div>\n\n\n\n<h3 class=\"wp-block-heading\"><strong>\ud83c\udfaf Eine schl\u00fcsselfertige Schulaktivit\u00e4t<\/strong><\/h3>\n\n\n\n<p><strong><em>Intermills <\/em><\/strong>bietet Ihnen sein Komplettpaket an: das \u201e<strong><em>School Funny Package<\/em><\/strong>\u201c!<\/p>\n\n\n\n<p>Von einer spannenden Schnitzeljagd \u00fcber eine Klettertour bis hin zu einem Besuch im Karaoke oder Kino, ganz zu schweigen von einer kulinarischen Pause \u2013 dieses Angebot garantiert Ihnen einen unterhaltsamen und unvergesslichen Tag auf dem Intermills-Gel\u00e4nde.<\/p>\n\n\n\n<div style=\"height:27px\" aria-hidden=\"true\" class=\"wp-block-spacer\"><\/div>\n\n\n\n<p>Auf dem Programm stehen 3 Aktivit\u00e4ten zur Auswahl:<\/p>\n\n\n\n<ul class=\"wp-block-list\">\n<li>1 Stunde Ermittlungsspa\u00df mit unserem Spiel \u201eSherlock Holmes\u201c bei Escape Challenge<\/li>\n\n\n\n<li>1 Stunde Klettern an der \u201eThe Wall\u201c<\/li>\n\n\n\n<li>1 Stunde Karaoke im Studio20 oder 1 Kinobesuch (mind. 40 Personen) im Moviemills<\/li>\n\n\n\n<li>+ 1 Brasserie-Gericht im Seventy (optional) oder Ihr Picknick<\/li>\n<\/ul>\n\n\n\n<div style=\"height:26px\" aria-hidden=\"true\" class=\"wp-block-spacer\"><\/div>\n\n\n\n<p><strong>Preis:<\/strong>\u00a025\u20ac\/Kind\u2013 16\u20ac\/Begleitperson.<\/p>\n\n\n\n<div style=\"height:47px\" aria-hidden=\"true\" class=\"wp-block-spacer\"><\/div>\n\n\n\n<h4 class=\"wp-block-heading\">M\u00f6chten Sie weitere Informationen oder einen Termin vereinbaren?<\/h4>\n\n\n\n<p>Kontaktieren Sie uns unter <a href=\"tel:080870116\">080\/87.01.16<\/a> oder \u00fcber <a href=\"mailto:info@studio20.be\">info@studio20.be<\/a><\/p>\n","protected":false},"excerpt":{"rendered":"<p>M\u00f6chten Sie einen Tag f\u00fcr Ihre Schule, Ihre Organisation oder [&hellip;]<\/p>\n","protected":false},"author":2,"featured_media":18168,"parent":0,"menu_order":0,"comment_status":"closed","ping_status":"closed","template":"","meta":{"_acf_changed":false,"footnotes":""},"class_list":["post-20787","page","type-page","status-publish","has-post-thumbnail","hentry","pure-header"],"acf":[],"yoast_head":"<!-- This site is optimized with the Yoast SEO plugin v27.3 - https:\/\/yoast.com\/product\/yoast-seo-wordpress\/ -->\n<title>Schule - Studio 20<\/title>\n<meta name=\"robots\" content=\"index, follow, max-snippet:-1, max-image-preview:large, max-video-preview:-1\" \/>\n<link rel=\"canonical\" href=\"https:\/\/www.studio20.be\/de\/schule\/\" \/>\n<meta property=\"og:locale\" content=\"de_DE\" \/>\n<meta property=\"og:type\" content=\"article\" \/>\n<meta property=\"og:title\" content=\"Schule - Studio 20\" \/>\n<meta property=\"og:description\" content=\"M\u00f6chten Sie einen Tag f\u00fcr Ihre Schule, Ihre Organisation oder [&hellip;]\" \/>\n<meta property=\"og:url\" content=\"https:\/\/www.studio20.be\/de\/schule\/\" \/>\n<meta property=\"og:site_name\" content=\"Studio 20\" \/>\n<meta property=\"article:publisher\" content=\"https:\/\/www.facebook.com\/Studio-20-Karaoke-107869020961945\" \/>\n<meta property=\"article:modified_time\" content=\"2026-04-13T13:16:28+00:00\" \/>\n<meta property=\"og:image\" content=\"https:\/\/www.studio20.be\/wp-content\/uploads\/2025\/06\/488550258_1362978264895948_1525294036109613752_n.jpg\" \/>\n\t<meta property=\"og:image:width\" content=\"2048\" \/>\n\t<meta property=\"og:image:height\" content=\"1365\" \/>\n\t<meta property=\"og:image:type\" content=\"image\/jpeg\" \/>\n<meta name=\"twitter:card\" content=\"summary_large_image\" \/>\n<meta name=\"twitter:label1\" content=\"Gesch\u00e4tzte Lesezeit\" \/>\n\t<meta name=\"twitter:data1\" content=\"2\u00a0Minuten\" \/>\n<script type=\"application\/ld+json\" class=\"yoast-schema-graph\">{\"@context\":\"https:\\\/\\\/schema.org\",\"@graph\":[{\"@type\":\"WebPage\",\"@id\":\"https:\\\/\\\/www.studio20.be\\\/de\\\/schule\\\/\",\"url\":\"https:\\\/\\\/www.studio20.be\\\/de\\\/schule\\\/\",\"name\":\"Schule - Studio 20\",\"isPartOf\":{\"@id\":\"https:\\\/\\\/www.studio20.be\\\/#website\"},\"primaryImageOfPage\":{\"@id\":\"https:\\\/\\\/www.studio20.be\\\/de\\\/schule\\\/#primaryimage\"},\"image\":{\"@id\":\"https:\\\/\\\/www.studio20.be\\\/de\\\/schule\\\/#primaryimage\"},\"thumbnailUrl\":\"https:\\\/\\\/www.studio20.be\\\/wp-content\\\/uploads\\\/2025\\\/06\\\/488550258_1362978264895948_1525294036109613752_n.jpg\",\"datePublished\":\"2026-04-13T13:16:25+00:00\",\"dateModified\":\"2026-04-13T13:16:28+00:00\",\"breadcrumb\":{\"@id\":\"https:\\\/\\\/www.studio20.be\\\/de\\\/schule\\\/#breadcrumb\"},\"inLanguage\":\"de\",\"potentialAction\":[{\"@type\":\"ReadAction\",\"target\":[\"https:\\\/\\\/www.studio20.be\\\/de\\\/schule\\\/\"]}]},{\"@type\":\"ImageObject\",\"inLanguage\":\"de\",\"@id\":\"https:\\\/\\\/www.studio20.be\\\/de\\\/schule\\\/#primaryimage\",\"url\":\"https:\\\/\\\/www.studio20.be\\\/wp-content\\\/uploads\\\/2025\\\/06\\\/488550258_1362978264895948_1525294036109613752_n.jpg\",\"contentUrl\":\"https:\\\/\\\/www.studio20.be\\\/wp-content\\\/uploads\\\/2025\\\/06\\\/488550258_1362978264895948_1525294036109613752_n.jpg\",\"width\":2048,\"height\":1365},{\"@type\":\"BreadcrumbList\",\"@id\":\"https:\\\/\\\/www.studio20.be\\\/de\\\/schule\\\/#breadcrumb\",\"itemListElement\":[{\"@type\":\"ListItem\",\"position\":1,\"name\":\"Accueil\",\"item\":\"https:\\\/\\\/www.studio20.be\\\/de\\\/\"},{\"@type\":\"ListItem\",\"position\":2,\"name\":\"Schule\"}]},{\"@type\":\"WebSite\",\"@id\":\"https:\\\/\\\/www.studio20.be\\\/#website\",\"url\":\"https:\\\/\\\/www.studio20.be\\\/\",\"name\":\"Studio 20\",\"description\":\"Un site utilisant Les sites de Intermills\",\"potentialAction\":[{\"@type\":\"SearchAction\",\"target\":{\"@type\":\"EntryPoint\",\"urlTemplate\":\"https:\\\/\\\/www.studio20.be\\\/?s={search_term_string}\"},\"query-input\":{\"@type\":\"PropertyValueSpecification\",\"valueRequired\":true,\"valueName\":\"search_term_string\"}}],\"inLanguage\":\"de\"}]}<\/script>\n<!-- \/ Yoast SEO plugin. -->","yoast_head_json":{"title":"Schule - Studio 20","robots":{"index":"index","follow":"follow","max-snippet":"max-snippet:-1","max-image-preview":"max-image-preview:large","max-video-preview":"max-video-preview:-1"},"canonical":"https:\/\/www.studio20.be\/de\/schule\/","og_locale":"de_DE","og_type":"article","og_title":"Schule - Studio 20","og_description":"M\u00f6chten Sie einen Tag f\u00fcr Ihre Schule, Ihre Organisation oder [&hellip;]","og_url":"https:\/\/www.studio20.be\/de\/schule\/","og_site_name":"Studio 20","article_publisher":"https:\/\/www.facebook.com\/Studio-20-Karaoke-107869020961945","article_modified_time":"2026-04-13T13:16:28+00:00","og_image":[{"width":2048,"height":1365,"url":"https:\/\/www.studio20.be\/wp-content\/uploads\/2025\/06\/488550258_1362978264895948_1525294036109613752_n.jpg","type":"image\/jpeg"}],"twitter_card":"summary_large_image","twitter_misc":{"Gesch\u00e4tzte Lesezeit":"2\u00a0Minuten"},"schema":{"@context":"https:\/\/schema.org","@graph":[{"@type":"WebPage","@id":"https:\/\/www.studio20.be\/de\/schule\/","url":"https:\/\/www.studio20.be\/de\/schule\/","name":"Schule - Studio 20","isPartOf":{"@id":"https:\/\/www.studio20.be\/#website"},"primaryImageOfPage":{"@id":"https:\/\/www.studio20.be\/de\/schule\/#primaryimage"},"image":{"@id":"https:\/\/www.studio20.be\/de\/schule\/#primaryimage"},"thumbnailUrl":"https:\/\/www.studio20.be\/wp-content\/uploads\/2025\/06\/488550258_1362978264895948_1525294036109613752_n.jpg","datePublished":"2026-04-13T13:16:25+00:00","dateModified":"2026-04-13T13:16:28+00:00","breadcrumb":{"@id":"https:\/\/www.studio20.be\/de\/schule\/#breadcrumb"},"inLanguage":"de","potentialAction":[{"@type":"ReadAction","target":["https:\/\/www.studio20.be\/de\/schule\/"]}]},{"@type":"ImageObject","inLanguage":"de","@id":"https:\/\/www.studio20.be\/de\/schule\/#primaryimage","url":"https:\/\/www.studio20.be\/wp-content\/uploads\/2025\/06\/488550258_1362978264895948_1525294036109613752_n.jpg","contentUrl":"https:\/\/www.studio20.be\/wp-content\/uploads\/2025\/06\/488550258_1362978264895948_1525294036109613752_n.jpg","width":2048,"height":1365},{"@type":"BreadcrumbList","@id":"https:\/\/www.studio20.be\/de\/schule\/#breadcrumb","itemListElement":[{"@type":"ListItem","position":1,"name":"Accueil","item":"https:\/\/www.studio20.be\/de\/"},{"@type":"ListItem","position":2,"name":"Schule"}]},{"@type":"WebSite","@id":"https:\/\/www.studio20.be\/#website","url":"https:\/\/www.studio20.be\/","name":"Studio 20","description":"Un site utilisant Les sites de Intermills","potentialAction":[{"@type":"SearchAction","target":{"@type":"EntryPoint","urlTemplate":"https:\/\/www.studio20.be\/?s={search_term_string}"},"query-input":{"@type":"PropertyValueSpecification","valueRequired":true,"valueName":"search_term_string"}}],"inLanguage":"de"}]}},"_links":{"self":[{"href":"https:\/\/www.studio20.be\/de\/wp-json\/wp\/v2\/pages\/20787","targetHints":{"allow":["GET"]}}],"collection":[{"href":"https:\/\/www.studio20.be\/de\/wp-json\/wp\/v2\/pages"}],"about":[{"href":"https:\/\/www.studio20.be\/de\/wp-json\/wp\/v2\/types\/page"}],"author":[{"embeddable":true,"href":"https:\/\/www.studio20.be\/de\/wp-json\/wp\/v2\/users\/2"}],"replies":[{"embeddable":true,"href":"https:\/\/www.studio20.be\/de\/wp-json\/wp\/v2\/comments?post=20787"}],"version-history":[{"count":1,"href":"https:\/\/www.studio20.be\/de\/wp-json\/wp\/v2\/pages\/20787\/revisions"}],"predecessor-version":[{"id":20788,"href":"https:\/\/www.studio20.be\/de\/wp-json\/wp\/v2\/pages\/20787\/revisions\/20788"}],"wp:featuredmedia":[{"embeddable":true,"href":"https:\/\/www.studio20.be\/de\/wp-json\/wp\/v2\/media\/18168"}],"wp:attachment":[{"href":"https:\/\/www.studio20.be\/de\/wp-json\/wp\/v2\/media?parent=20787"}],"curies":[{"name":"wp","href":"https:\/\/api.w.org\/{rel}","templated":true}]}}