{"id":3378,"date":"2020-09-17T09:07:28","date_gmt":"2020-09-17T07:07:28","guid":{"rendered":"https:\/\/www.studio20.be\/dink-food\/"},"modified":"2026-04-10T14:59:08","modified_gmt":"2026-04-10T12:59:08","slug":"dink-food","status":"publish","type":"page","link":"https:\/\/www.studio20.be\/nl\/dink-food\/","title":{"rendered":"Bar &amp; Snacks"},"content":{"rendered":"\n<p>Tijdens hun optredens kunnen de zangers iets te drinken krijgen zonder het podium te verlaten! Van cocktails en lokale bieren tot bruisende frisdranken: met \u00e9\u00e9n simpele klik wordt het direct in uw zaal geserveerd.<\/p>\n\n\n\n<div style=\"height:37px\" aria-hidden=\"true\" class=\"wp-block-spacer\"><\/div>\n\n\n\n<div id=\"metaslider-id-20255\" style=\"width: 100%;\" class=\"ml-slider-3-104-0 metaslider metaslider-flex metaslider-20255 ml-slider ms-theme-default-base nav-hidden\" role=\"region\" aria-label=\"BAR\" data-height=\"300\" data-width=\"700\">\n    <div id=\"metaslider_container_20255\">\n        <div id=\"metaslider_20255\">\n            <ul aria-live='off' class='slides'>\n                <li style=\"display: block; width: 100%;\" class=\"slide-20277 ms-image \" aria-roledescription=\"slide\" data-date=\"2026-02-23 10:46:59\" data-filename=\"486638990_1355811995612575_5598931397524535830_n-700x300.jpg\" data-slide-type=\"image\"><img loading=\"lazy\" decoding=\"async\" src=\"https:\/\/www.studio20.be\/wp-content\/uploads\/2026\/02\/486638990_1355811995612575_5598931397524535830_n-700x300.jpg\" height=\"300\" width=\"700\" alt=\"\" class=\"slider-20255 slide-20277 msDefaultImage\" title=\"486638990_1355811995612575_5598931397524535830_n\" \/><\/li>\n                <li style=\"display: none; width: 100%;\" class=\"slide-20276 ms-image \" aria-roledescription=\"slide\" data-date=\"2026-02-23 10:46:58\" data-filename=\"593965224_1576856096841496_1221354358094741622_n-700x300.jpg\" data-slide-type=\"image\"><img loading=\"lazy\" decoding=\"async\" src=\"https:\/\/www.studio20.be\/wp-content\/uploads\/2026\/02\/593965224_1576856096841496_1221354358094741622_n-700x300.jpg\" height=\"300\" width=\"700\" alt=\"\" class=\"slider-20255 slide-20276 msDefaultImage\" title=\"593965224_1576856096841496_1221354358094741622_n\" \/><\/li>\n                <li style=\"display: none; width: 100%;\" class=\"slide-20274 ms-image \" aria-roledescription=\"slide\" data-date=\"2026-02-23 10:46:58\" data-filename=\"486282864_1353809549146153_1865714488150545507_n-700x300.jpg\" data-slide-type=\"image\"><img loading=\"lazy\" decoding=\"async\" src=\"https:\/\/www.studio20.be\/wp-content\/uploads\/2026\/02\/486282864_1353809549146153_1865714488150545507_n-700x300.jpg\" height=\"300\" width=\"700\" alt=\"\" class=\"slider-20255 slide-20274 msDefaultImage\" title=\"486282864_1353809549146153_1865714488150545507_n\" \/><\/li>\n                <li style=\"display: none; width: 100%;\" class=\"slide-20275 ms-image \" aria-roledescription=\"slide\" data-date=\"2026-02-23 10:46:58\" data-filename=\"593291457_1576863223507450_5108768149455324493_n-700x300.jpg\" data-slide-type=\"image\"><img loading=\"lazy\" decoding=\"async\" src=\"https:\/\/www.studio20.be\/wp-content\/uploads\/2026\/02\/593291457_1576863223507450_5108768149455324493_n-700x300.jpg\" height=\"300\" width=\"700\" alt=\"\" class=\"slider-20255 slide-20275 msDefaultImage\" title=\"593291457_1576863223507450_5108768149455324493_n\" \/><\/li>\n                <li style=\"display: none; width: 100%;\" class=\"slide-20278 ms-image \" aria-roledescription=\"slide\" data-date=\"2026-02-23 10:46:59\" data-filename=\"600350012_1588225835704522_4975733754931777907_n-700x300.jpg\" data-slide-type=\"image\"><img loading=\"lazy\" decoding=\"async\" src=\"https:\/\/www.studio20.be\/wp-content\/uploads\/2026\/02\/600350012_1588225835704522_4975733754931777907_n-700x300.jpg\" height=\"300\" width=\"700\" alt=\"\" class=\"slider-20255 slide-20278 msDefaultImage\" title=\"600350012_1588225835704522_4975733754931777907_n\" \/><\/li>\n            <\/ul>\n        <\/div>\n        \n    <\/div>\n<\/div>\n\n\n\n<div style=\"height:44px\" aria-hidden=\"true\" class=\"wp-block-spacer\"><\/div>\n\n\n\n<h3 class=\"wp-block-heading\"><strong>Een service op maat<\/strong><\/h3>\n\n\n\n<p>Geen gedoe meer om te bepalen wie van jullie tussen twee coupletten door eten en drinken gaat halen tijdens jullie karaoke-sessie. In elke karaokekamer staan <strong><em>touchscreen-schermen<\/em><\/strong> tot jullie beschikking. Bestel binnen enkele seconden jullie drankjes en hapjes; ons team regelt alles en serveert het rechtstreeks in jullie priv\u00e9kamer, zodat jullie optimaal van jullie moment kunnen genieten<\/p>\n\n\n\n<div style=\"height:36px\" aria-hidden=\"true\" class=\"wp-block-spacer\"><\/div>\n\n\n\n<h3 class=\"wp-block-heading\"><strong>All-in formule<\/strong><\/h3>\n\n\n\n<p>Wij bieden u een all-in-formule aan voor \u20ac 18 per persoon per 2 uur, inclusief<\/p>\n\n\n\n<ul class=\"wp-block-list\">\n<li><strong>Frisdranken <\/strong>in grote flessen: plat water, bruisend water, Fanta, Sprite<\/li>\n<\/ul>\n\n\n\n<ul class=\"wp-block-list\">\n<li><strong>Tapbieren <\/strong>: Jupiler, Val-Dieu blond<\/li>\n<\/ul>\n\n\n\n<ul class=\"wp-block-list\">\n<li><strong>Wijnen &amp; mousserende wijnen<\/strong> (op fles): wit, ros\u00e9, rood, mousserend<\/li>\n<\/ul>\n\n\n\n<p><em>Belangrijk: als voor deze optie wordt gekozen, geldt deze voor de hele groep.<\/em><\/p>\n\n\n\n<div style=\"height:47px\" aria-hidden=\"true\" class=\"wp-block-spacer\"><\/div>\n","protected":false},"excerpt":{"rendered":"<p>Tijdens hun optredens kunnen de zangers iets te drinken krijgen [&hellip;]<\/p>\n","protected":false},"author":2,"featured_media":0,"parent":0,"menu_order":2,"comment_status":"closed","ping_status":"closed","template":"page-drink.php","meta":{"_acf_changed":false,"footnotes":""},"class_list":["post-3378","page","type-page","status-publish","hentry","pure-header"],"acf":[],"yoast_head":"<!-- This site is optimized with the Yoast SEO plugin v27.6 - https:\/\/yoast.com\/product\/yoast-seo-wordpress\/ -->\n<title>Un large choix de cocktails, de boissons et d\u2019encas - Studio 20<\/title>\n<meta name=\"description\" content=\"Le Studio 20, c\u2019est aussi un large choix de cocktails, de boissons et d\u2019encas. N\u2019h\u00e9sitez pas \u00e0 venir plus t\u00f4t pour profiter du bar et vous mettre dans l\u2019ambiance.\" \/>\n<meta name=\"robots\" content=\"index, follow, max-snippet:-1, max-image-preview:large, max-video-preview:-1\" \/>\n<link rel=\"canonical\" href=\"https:\/\/www.studio20.be\/nl\/dink-food\/\" \/>\n<meta property=\"og:locale\" content=\"nl_NL\" \/>\n<meta property=\"og:type\" content=\"article\" \/>\n<meta property=\"og:title\" content=\"Un large choix de cocktails, de boissons et d\u2019encas - Studio 20\" \/>\n<meta property=\"og:description\" content=\"Le Studio 20, c\u2019est aussi un large choix de cocktails, de boissons et d\u2019encas. N\u2019h\u00e9sitez pas \u00e0 venir plus t\u00f4t pour profiter du bar et vous mettre dans l\u2019ambiance.\" \/>\n<meta property=\"og:url\" content=\"https:\/\/www.studio20.be\/nl\/dink-food\/\" \/>\n<meta property=\"og:site_name\" content=\"Studio 20\" \/>\n<meta property=\"article:publisher\" content=\"https:\/\/www.facebook.com\/Studio-20-Karaoke-107869020961945\" \/>\n<meta property=\"article:modified_time\" content=\"2026-04-10T12:59:08+00:00\" \/>\n<meta property=\"og:image\" content=\"https:\/\/www.studio20.be\/wp-content\/uploads\/2020\/10\/coverFacebook.jpg\" \/>\n\t<meta property=\"og:image:width\" content=\"1200\" \/>\n\t<meta property=\"og:image:height\" content=\"630\" \/>\n\t<meta property=\"og:image:type\" content=\"image\/jpeg\" \/>\n<meta name=\"twitter:card\" content=\"summary_large_image\" \/>\n<meta name=\"twitter:label1\" content=\"Geschatte leestijd\" \/>\n\t<meta name=\"twitter:data1\" content=\"1 minuut\" \/>\n<script type=\"application\/ld+json\" class=\"yoast-schema-graph\">{\"@context\":\"https:\\\/\\\/schema.org\",\"@graph\":[{\"@type\":\"WebPage\",\"@id\":\"https:\\\/\\\/www.studio20.be\\\/nl\\\/dink-food\\\/\",\"url\":\"https:\\\/\\\/www.studio20.be\\\/nl\\\/dink-food\\\/\",\"name\":\"Un large choix de cocktails, de boissons et d\u2019encas - Studio 20\",\"isPartOf\":{\"@id\":\"https:\\\/\\\/www.studio20.be\\\/#website\"},\"datePublished\":\"2020-09-17T07:07:28+00:00\",\"dateModified\":\"2026-04-10T12:59:08+00:00\",\"description\":\"Le Studio 20, c\u2019est aussi un large choix de cocktails, de boissons et d\u2019encas. N\u2019h\u00e9sitez pas \u00e0 venir plus t\u00f4t pour profiter du bar et vous mettre dans l\u2019ambiance.\",\"breadcrumb\":{\"@id\":\"https:\\\/\\\/www.studio20.be\\\/nl\\\/dink-food\\\/#breadcrumb\"},\"inLanguage\":\"nl-NL\",\"potentialAction\":[{\"@type\":\"ReadAction\",\"target\":[\"https:\\\/\\\/www.studio20.be\\\/nl\\\/dink-food\\\/\"]}]},{\"@type\":\"BreadcrumbList\",\"@id\":\"https:\\\/\\\/www.studio20.be\\\/nl\\\/dink-food\\\/#breadcrumb\",\"itemListElement\":[{\"@type\":\"ListItem\",\"position\":1,\"name\":\"Accueil\",\"item\":\"https:\\\/\\\/www.studio20.be\\\/nl\\\/\"},{\"@type\":\"ListItem\",\"position\":2,\"name\":\"Bar &amp; Snacks\"}]},{\"@type\":\"WebSite\",\"@id\":\"https:\\\/\\\/www.studio20.be\\\/#website\",\"url\":\"https:\\\/\\\/www.studio20.be\\\/\",\"name\":\"Studio 20\",\"description\":\"Un site utilisant Les sites de Intermills\",\"potentialAction\":[{\"@type\":\"SearchAction\",\"target\":{\"@type\":\"EntryPoint\",\"urlTemplate\":\"https:\\\/\\\/www.studio20.be\\\/?s={search_term_string}\"},\"query-input\":{\"@type\":\"PropertyValueSpecification\",\"valueRequired\":true,\"valueName\":\"search_term_string\"}}],\"inLanguage\":\"nl-NL\"}]}<\/script>\n<!-- \/ Yoast SEO plugin. -->","yoast_head_json":{"title":"Un large choix de cocktails, de boissons et d\u2019encas - Studio 20","description":"Le Studio 20, c\u2019est aussi un large choix de cocktails, de boissons et d\u2019encas. N\u2019h\u00e9sitez pas \u00e0 venir plus t\u00f4t pour profiter du bar et vous mettre dans l\u2019ambiance.","robots":{"index":"index","follow":"follow","max-snippet":"max-snippet:-1","max-image-preview":"max-image-preview:large","max-video-preview":"max-video-preview:-1"},"canonical":"https:\/\/www.studio20.be\/nl\/dink-food\/","og_locale":"nl_NL","og_type":"article","og_title":"Un large choix de cocktails, de boissons et d\u2019encas - Studio 20","og_description":"Le Studio 20, c\u2019est aussi un large choix de cocktails, de boissons et d\u2019encas. N\u2019h\u00e9sitez pas \u00e0 venir plus t\u00f4t pour profiter du bar et vous mettre dans l\u2019ambiance.","og_url":"https:\/\/www.studio20.be\/nl\/dink-food\/","og_site_name":"Studio 20","article_publisher":"https:\/\/www.facebook.com\/Studio-20-Karaoke-107869020961945","article_modified_time":"2026-04-10T12:59:08+00:00","og_image":[{"width":1200,"height":630,"url":"https:\/\/www.studio20.be\/wp-content\/uploads\/2020\/10\/coverFacebook.jpg","type":"image\/jpeg"}],"twitter_card":"summary_large_image","twitter_misc":{"Geschatte leestijd":"1 minuut"},"schema":{"@context":"https:\/\/schema.org","@graph":[{"@type":"WebPage","@id":"https:\/\/www.studio20.be\/nl\/dink-food\/","url":"https:\/\/www.studio20.be\/nl\/dink-food\/","name":"Un large choix de cocktails, de boissons et d\u2019encas - Studio 20","isPartOf":{"@id":"https:\/\/www.studio20.be\/#website"},"datePublished":"2020-09-17T07:07:28+00:00","dateModified":"2026-04-10T12:59:08+00:00","description":"Le Studio 20, c\u2019est aussi un large choix de cocktails, de boissons et d\u2019encas. N\u2019h\u00e9sitez pas \u00e0 venir plus t\u00f4t pour profiter du bar et vous mettre dans l\u2019ambiance.","breadcrumb":{"@id":"https:\/\/www.studio20.be\/nl\/dink-food\/#breadcrumb"},"inLanguage":"nl-NL","potentialAction":[{"@type":"ReadAction","target":["https:\/\/www.studio20.be\/nl\/dink-food\/"]}]},{"@type":"BreadcrumbList","@id":"https:\/\/www.studio20.be\/nl\/dink-food\/#breadcrumb","itemListElement":[{"@type":"ListItem","position":1,"name":"Accueil","item":"https:\/\/www.studio20.be\/nl\/"},{"@type":"ListItem","position":2,"name":"Bar &amp; Snacks"}]},{"@type":"WebSite","@id":"https:\/\/www.studio20.be\/#website","url":"https:\/\/www.studio20.be\/","name":"Studio 20","description":"Un site utilisant Les sites de Intermills","potentialAction":[{"@type":"SearchAction","target":{"@type":"EntryPoint","urlTemplate":"https:\/\/www.studio20.be\/?s={search_term_string}"},"query-input":{"@type":"PropertyValueSpecification","valueRequired":true,"valueName":"search_term_string"}}],"inLanguage":"nl-NL"}]}},"_links":{"self":[{"href":"https:\/\/www.studio20.be\/nl\/wp-json\/wp\/v2\/pages\/3378","targetHints":{"allow":["GET"]}}],"collection":[{"href":"https:\/\/www.studio20.be\/nl\/wp-json\/wp\/v2\/pages"}],"about":[{"href":"https:\/\/www.studio20.be\/nl\/wp-json\/wp\/v2\/types\/page"}],"author":[{"embeddable":true,"href":"https:\/\/www.studio20.be\/nl\/wp-json\/wp\/v2\/users\/2"}],"replies":[{"embeddable":true,"href":"https:\/\/www.studio20.be\/nl\/wp-json\/wp\/v2\/comments?post=3378"}],"version-history":[{"count":12,"href":"https:\/\/www.studio20.be\/nl\/wp-json\/wp\/v2\/pages\/3378\/revisions"}],"predecessor-version":[{"id":20755,"href":"https:\/\/www.studio20.be\/nl\/wp-json\/wp\/v2\/pages\/3378\/revisions\/20755"}],"wp:attachment":[{"href":"https:\/\/www.studio20.be\/nl\/wp-json\/wp\/v2\/media?parent=3378"}],"curies":[{"name":"wp","href":"https:\/\/api.w.org\/{rel}","templated":true}]}}